{"id":69753,"date":"2025-06-09T18:12:12","date_gmt":"2025-06-09T16:12:12","guid":{"rendered":"https:\/\/dev.invicta.wp19.axome.cc\/produit\/salamandra-a-pellets-nemesia-ip9\/"},"modified":"2025-06-09T18:12:20","modified_gmt":"2025-06-09T16:12:20","slug":"salamandra-a-pellets-nemesia-ip9","status":"publish","type":"product","link":"https:\/\/dev.invicta.wp19.axome.cc\/pt\/produit\/salamandra-a-pellets-nemesia-ip9\/","title":{"rendered":"Salamandra a pellets Nemesia IP9"},"content":{"rendered":"<p>Equipada com \u00e2ngulos arredondados e um vidro com grande visibilidade, a Nemesia faz do fogo um espet\u00e1culo magn\u00edfico. Com o seu calor regulado, esta salamandra a pellets estanque confere modernidade \u00e0 sua casa.<\/p>\n<p>&nbsp;<\/p>\n","protected":false},"excerpt":{"rendered":"<p>Equipada com \u00e2ngulos arredondados e um vidro com grande visibilidade, a Nemesia faz do fogo um espet\u00e1culo magn\u00edfico. Com o seu calor regulado, esta salamandra a pellets estanque confere modernidade \u00e0 sua casa. &nbsp;<\/p>\n","protected":false},"featured_media":69134,"template":"","meta":{"_acf_changed":false},"product_brand":[],"product_cat":[],"product_tag":[4434,6595,4883],"plus_produit":[4076,4072,6366,6591,4043,4042,4077,3864],"class_list":{"1":"product","4":"has-post-thumbnail","6":"product_tag-a-ecolabel-pt","7":"product_tag-conectavel-kit-opcional","8":"product_tag-com-ligacao","9":"pa_capacite-de-la-tremie-17-00-4","10":"pa_surface-de-chauffe-25-100-pt","11":"pa_volume-de-chauffe-min-max-3","12":"plus_produit-controlo-remoto-em-opcao-pt","13":"plus_produit-kit-controlo-de-combustao-kcc-pt","14":"plus_produit-kit-wi-fi-opcional","15":"plus_produit-pode-ser-ligado-com-o-kit-opcional-ref-p697010","16":"plus_produit-possibilidade-de-pilotagem-por-termostato-externo-pt","17":"plus_produit-programacao-cronometro-termostato-pt","18":"plus_produit-regulacao-da-potencia-ou-da-temperatura-ambiente-pt","19":"plus_produit-saida-de-ar-quente-por-ventilador-pt","21":"first","22":"instock","23":"purchasable","24":"product-type-simple"},"acf":[],"yoast_head":"<!-- This site is optimized with the Yoast SEO plugin v24.7 - https:\/\/yoast.com\/wordpress\/plugins\/seo\/ -->\n<title>Salamandra a pellets Nemesia IP9 - Invicta<\/title>\n<meta name=\"description\" content=\"Equipada com \u00e2ngulos arredondados e um vidro com grande visibilidade, a Nemesia faz do fogo um espet\u00e1culo magn\u00edfico. Com o seu calor regulado, esta\" \/>\n<meta name=\"robots\" content=\"index, follow, max-snippet:-1, max-image-preview:large, max-video-preview:-1\" \/>\n<link rel=\"canonical\" href=\"https:\/\/dev.invicta.wp19.axome.cc\/pt\/produit\/salamandra-a-pellets-nemesia-ip9\/\" \/>\n<meta property=\"og:locale\" content=\"pt_PT\" \/>\n<meta property=\"og:type\" content=\"article\" \/>\n<meta property=\"og:title\" content=\"Salamandra a pellets Nemesia IP9 - Invicta\" \/>\n<meta property=\"og:description\" content=\"Equipada com \u00e2ngulos arredondados e um vidro com grande visibilidade, a Nemesia faz do fogo um espet\u00e1culo magn\u00edfico. Com o seu calor regulado, esta\" \/>\n<meta property=\"og:url\" content=\"https:\/\/dev.invicta.wp19.axome.cc\/pt\/produit\/salamandra-a-pellets-nemesia-ip9\/\" \/>\n<meta property=\"og:site_name\" content=\"Invicta\" \/>\n<meta property=\"article:modified_time\" content=\"2025-06-09T16:12:20+00:00\" \/>\n<meta property=\"og:image\" content=\"https:\/\/dev.invicta.wp19.axome.cc\/wp-content\/uploads\/2025\/06\/nemesia_lp-et-lpe.jpg\" \/>\n\t<meta property=\"og:image:width\" content=\"720\" \/>\n\t<meta property=\"og:image:height\" content=\"549\" \/>\n\t<meta property=\"og:image:type\" content=\"image\/jpeg\" \/>\n<meta name=\"twitter:card\" content=\"summary_large_image\" \/>\n<script type=\"application\/ld+json\" class=\"yoast-schema-graph\">{\"@context\":\"https:\/\/schema.org\",\"@graph\":[{\"@type\":\"WebPage\",\"@id\":\"https:\/\/dev.invicta.wp19.axome.cc\/pt\/produit\/salamandra-a-pellets-nemesia-ip9\/\",\"url\":\"https:\/\/dev.invicta.wp19.axome.cc\/pt\/produit\/salamandra-a-pellets-nemesia-ip9\/\",\"name\":\"Salamandra a pellets Nemesia IP9 - Invicta\",\"isPartOf\":{\"@id\":\"https:\/\/dev.invicta.wp19.axome.cc\/pt\/#website\"},\"primaryImageOfPage\":{\"@id\":\"https:\/\/dev.invicta.wp19.axome.cc\/pt\/produit\/salamandra-a-pellets-nemesia-ip9\/#primaryimage\"},\"image\":{\"@id\":\"https:\/\/dev.invicta.wp19.axome.cc\/pt\/produit\/salamandra-a-pellets-nemesia-ip9\/#primaryimage\"},\"thumbnailUrl\":\"https:\/\/dev.invicta.wp19.axome.cc\/wp-content\/uploads\/2025\/06\/nemesia_lp-et-lpe.jpg\",\"datePublished\":\"2025-06-09T16:12:12+00:00\",\"dateModified\":\"2025-06-09T16:12:20+00:00\",\"description\":\"Equipada com \u00e2ngulos arredondados e um vidro com grande visibilidade, a Nemesia faz do fogo um espet\u00e1culo magn\u00edfico. Com o seu calor regulado, esta\",\"breadcrumb\":{\"@id\":\"https:\/\/dev.invicta.wp19.axome.cc\/pt\/produit\/salamandra-a-pellets-nemesia-ip9\/#breadcrumb\"},\"inLanguage\":\"pt-PT\",\"potentialAction\":[{\"@type\":\"ReadAction\",\"target\":[\"https:\/\/dev.invicta.wp19.axome.cc\/pt\/produit\/salamandra-a-pellets-nemesia-ip9\/\"]}]},{\"@type\":\"ImageObject\",\"inLanguage\":\"pt-PT\",\"@id\":\"https:\/\/dev.invicta.wp19.axome.cc\/pt\/produit\/salamandra-a-pellets-nemesia-ip9\/#primaryimage\",\"url\":\"https:\/\/dev.invicta.wp19.axome.cc\/wp-content\/uploads\/2025\/06\/nemesia_lp-et-lpe.jpg\",\"contentUrl\":\"https:\/\/dev.invicta.wp19.axome.cc\/wp-content\/uploads\/2025\/06\/nemesia_lp-et-lpe.jpg\",\"width\":720,\"height\":549,\"caption\":\"Salamandra de pellets Nemesia IPE9\"},{\"@type\":\"BreadcrumbList\",\"@id\":\"https:\/\/dev.invicta.wp19.axome.cc\/pt\/produit\/salamandra-a-pellets-nemesia-ip9\/#breadcrumb\",\"itemListElement\":[{\"@type\":\"ListItem\",\"position\":1,\"name\":\"Home\",\"item\":\"https:\/\/dev.invicta.wp19.axome.cc\/pt\/\"},{\"@type\":\"ListItem\",\"position\":2,\"name\":\"Produtos\",\"item\":\"https:\/\/dev.invicta.wp19.axome.cc\/pt\/shop\/\"},{\"@type\":\"ListItem\",\"position\":3,\"name\":\"Salamandra a pellets Nemesia IP9\"}]},{\"@type\":\"WebSite\",\"@id\":\"https:\/\/dev.invicta.wp19.axome.cc\/pt\/#website\",\"url\":\"https:\/\/dev.invicta.wp19.axome.cc\/pt\/\",\"name\":\"Invicta\",\"description\":\"Fabricant fran\u00e7ais, sp\u00e9cialiste europ\u00e9en du chauffage au bois : po\u00eales \u00e0 bois et \u00e0 granul\u00e9s, chemin\u00e9es, foyers et inserts\",\"publisher\":{\"@id\":\"https:\/\/dev.invicta.wp19.axome.cc\/pt\/#organization\"},\"potentialAction\":[{\"@type\":\"SearchAction\",\"target\":{\"@type\":\"EntryPoint\",\"urlTemplate\":\"https:\/\/dev.invicta.wp19.axome.cc\/pt\/?s={search_term_string}\"},\"query-input\":{\"@type\":\"PropertyValueSpecification\",\"valueRequired\":true,\"valueName\":\"search_term_string\"}}],\"inLanguage\":\"pt-PT\"},{\"@type\":\"Organization\",\"@id\":\"https:\/\/dev.invicta.wp19.axome.cc\/pt\/#organization\",\"name\":\"Invicta\",\"url\":\"https:\/\/dev.invicta.wp19.axome.cc\/pt\/\",\"logo\":{\"@type\":\"ImageObject\",\"inLanguage\":\"pt-PT\",\"@id\":\"https:\/\/dev.invicta.wp19.axome.cc\/pt\/#\/schema\/logo\/image\/\",\"url\":\"https:\/\/www.invicta.fr\/wp-content\/uploads\/2019\/06\/INVICTALOGO_RVB.png\",\"contentUrl\":\"https:\/\/www.invicta.fr\/wp-content\/uploads\/2019\/06\/INVICTALOGO_RVB.png\",\"width\":1810,\"height\":1280,\"caption\":\"Invicta\"},\"image\":{\"@id\":\"https:\/\/dev.invicta.wp19.axome.cc\/pt\/#\/schema\/logo\/image\/\"}}]}<\/script>\n<!-- \/ Yoast SEO plugin. -->","yoast_head_json":{"title":"Salamandra a pellets Nemesia IP9 - Invicta","description":"Equipada com \u00e2ngulos arredondados e um vidro com grande visibilidade, a Nemesia faz do fogo um espet\u00e1culo magn\u00edfico. Com o seu calor regulado, esta","robots":{"index":"index","follow":"follow","max-snippet":"max-snippet:-1","max-image-preview":"max-image-preview:large","max-video-preview":"max-video-preview:-1"},"canonical":"https:\/\/dev.invicta.wp19.axome.cc\/pt\/produit\/salamandra-a-pellets-nemesia-ip9\/","og_locale":"pt_PT","og_type":"article","og_title":"Salamandra a pellets Nemesia IP9 - Invicta","og_description":"Equipada com \u00e2ngulos arredondados e um vidro com grande visibilidade, a Nemesia faz do fogo um espet\u00e1culo magn\u00edfico. Com o seu calor regulado, esta","og_url":"https:\/\/dev.invicta.wp19.axome.cc\/pt\/produit\/salamandra-a-pellets-nemesia-ip9\/","og_site_name":"Invicta","article_modified_time":"2025-06-09T16:12:20+00:00","og_image":[{"width":720,"height":549,"url":"https:\/\/dev.invicta.wp19.axome.cc\/wp-content\/uploads\/2025\/06\/nemesia_lp-et-lpe.jpg","type":"image\/jpeg"}],"twitter_card":"summary_large_image","schema":{"@context":"https:\/\/schema.org","@graph":[{"@type":"WebPage","@id":"https:\/\/dev.invicta.wp19.axome.cc\/pt\/produit\/salamandra-a-pellets-nemesia-ip9\/","url":"https:\/\/dev.invicta.wp19.axome.cc\/pt\/produit\/salamandra-a-pellets-nemesia-ip9\/","name":"Salamandra a pellets Nemesia IP9 - Invicta","isPartOf":{"@id":"https:\/\/dev.invicta.wp19.axome.cc\/pt\/#website"},"primaryImageOfPage":{"@id":"https:\/\/dev.invicta.wp19.axome.cc\/pt\/produit\/salamandra-a-pellets-nemesia-ip9\/#primaryimage"},"image":{"@id":"https:\/\/dev.invicta.wp19.axome.cc\/pt\/produit\/salamandra-a-pellets-nemesia-ip9\/#primaryimage"},"thumbnailUrl":"https:\/\/dev.invicta.wp19.axome.cc\/wp-content\/uploads\/2025\/06\/nemesia_lp-et-lpe.jpg","datePublished":"2025-06-09T16:12:12+00:00","dateModified":"2025-06-09T16:12:20+00:00","description":"Equipada com \u00e2ngulos arredondados e um vidro com grande visibilidade, a Nemesia faz do fogo um espet\u00e1culo magn\u00edfico. Com o seu calor regulado, esta","breadcrumb":{"@id":"https:\/\/dev.invicta.wp19.axome.cc\/pt\/produit\/salamandra-a-pellets-nemesia-ip9\/#breadcrumb"},"inLanguage":"pt-PT","potentialAction":[{"@type":"ReadAction","target":["https:\/\/dev.invicta.wp19.axome.cc\/pt\/produit\/salamandra-a-pellets-nemesia-ip9\/"]}]},{"@type":"ImageObject","inLanguage":"pt-PT","@id":"https:\/\/dev.invicta.wp19.axome.cc\/pt\/produit\/salamandra-a-pellets-nemesia-ip9\/#primaryimage","url":"https:\/\/dev.invicta.wp19.axome.cc\/wp-content\/uploads\/2025\/06\/nemesia_lp-et-lpe.jpg","contentUrl":"https:\/\/dev.invicta.wp19.axome.cc\/wp-content\/uploads\/2025\/06\/nemesia_lp-et-lpe.jpg","width":720,"height":549,"caption":"Salamandra de pellets Nemesia IPE9"},{"@type":"BreadcrumbList","@id":"https:\/\/dev.invicta.wp19.axome.cc\/pt\/produit\/salamandra-a-pellets-nemesia-ip9\/#breadcrumb","itemListElement":[{"@type":"ListItem","position":1,"name":"Home","item":"https:\/\/dev.invicta.wp19.axome.cc\/pt\/"},{"@type":"ListItem","position":2,"name":"Produtos","item":"https:\/\/dev.invicta.wp19.axome.cc\/pt\/shop\/"},{"@type":"ListItem","position":3,"name":"Salamandra a pellets Nemesia IP9"}]},{"@type":"WebSite","@id":"https:\/\/dev.invicta.wp19.axome.cc\/pt\/#website","url":"https:\/\/dev.invicta.wp19.axome.cc\/pt\/","name":"Invicta","description":"Fabricant fran\u00e7ais, sp\u00e9cialiste europ\u00e9en du chauffage au bois : po\u00eales \u00e0 bois et \u00e0 granul\u00e9s, chemin\u00e9es, foyers et inserts","publisher":{"@id":"https:\/\/dev.invicta.wp19.axome.cc\/pt\/#organization"},"potentialAction":[{"@type":"SearchAction","target":{"@type":"EntryPoint","urlTemplate":"https:\/\/dev.invicta.wp19.axome.cc\/pt\/?s={search_term_string}"},"query-input":{"@type":"PropertyValueSpecification","valueRequired":true,"valueName":"search_term_string"}}],"inLanguage":"pt-PT"},{"@type":"Organization","@id":"https:\/\/dev.invicta.wp19.axome.cc\/pt\/#organization","name":"Invicta","url":"https:\/\/dev.invicta.wp19.axome.cc\/pt\/","logo":{"@type":"ImageObject","inLanguage":"pt-PT","@id":"https:\/\/dev.invicta.wp19.axome.cc\/pt\/#\/schema\/logo\/image\/","url":"https:\/\/www.invicta.fr\/wp-content\/uploads\/2019\/06\/INVICTALOGO_RVB.png","contentUrl":"https:\/\/www.invicta.fr\/wp-content\/uploads\/2019\/06\/INVICTALOGO_RVB.png","width":1810,"height":1280,"caption":"Invicta"},"image":{"@id":"https:\/\/dev.invicta.wp19.axome.cc\/pt\/#\/schema\/logo\/image\/"}}]}},"_links":{"self":[{"href":"https:\/\/dev.invicta.wp19.axome.cc\/pt\/wp-json\/wp\/v2\/product\/69753","targetHints":{"allow":["GET"]}}],"collection":[{"href":"https:\/\/dev.invicta.wp19.axome.cc\/pt\/wp-json\/wp\/v2\/product"}],"about":[{"href":"https:\/\/dev.invicta.wp19.axome.cc\/pt\/wp-json\/wp\/v2\/types\/product"}],"wp:featuredmedia":[{"embeddable":true,"href":"https:\/\/dev.invicta.wp19.axome.cc\/pt\/wp-json\/wp\/v2\/media\/69134"}],"wp:attachment":[{"href":"https:\/\/dev.invicta.wp19.axome.cc\/pt\/wp-json\/wp\/v2\/media?parent=69753"}],"wp:term":[{"taxonomy":"product_brand","embeddable":true,"href":"https:\/\/dev.invicta.wp19.axome.cc\/pt\/wp-json\/wp\/v2\/product_brand?post=69753"},{"taxonomy":"product_cat","embeddable":true,"href":"https:\/\/dev.invicta.wp19.axome.cc\/pt\/wp-json\/wp\/v2\/product_cat?post=69753"},{"taxonomy":"product_tag","embeddable":true,"href":"https:\/\/dev.invicta.wp19.axome.cc\/pt\/wp-json\/wp\/v2\/product_tag?post=69753"},{"taxonomy":"plus_produit","embeddable":true,"href":"https:\/\/dev.invicta.wp19.axome.cc\/pt\/wp-json\/wp\/v2\/plus_produit?post=69753"}],"curies":[{"name":"wp","href":"https:\/\/api.w.org\/{rel}","templated":true}]}}