{"id":69763,"date":"2025-06-09T18:12:26","date_gmt":"2025-06-09T16:12:26","guid":{"rendered":"https:\/\/dev.invicta.wp19.axome.cc\/produit\/salamandra-ferro-fundido-astana\/"},"modified":"2025-06-09T18:12:28","modified_gmt":"2025-06-09T16:12:28","slug":"salamandra-ferro-fundido-astana","status":"publish","type":"product","link":"https:\/\/dev.invicta.wp19.axome.cc\/pt\/produit\/salamandra-ferro-fundido-astana\/","title":{"rendered":"Salamandra Ferro Fundido Astana"},"content":{"rendered":"<p>Considere um espa\u00e7o pequeno para esta salamandra compacta de estilo cl\u00e1ssico: as suas propriedades t\u00e9rmicas encant\u00e1-lo-\u00e3o.<\/p>\n","protected":false},"excerpt":{"rendered":"<p>Considere um espa\u00e7o pequeno para esta salamandra compacta de estilo cl\u00e1ssico: as suas propriedades t\u00e9rmicas encant\u00e1-lo-\u00e3o.<\/p>\n","protected":false},"featured_media":69176,"template":"","meta":{"_acf_changed":false},"product_brand":[],"product_cat":[],"product_tag":[3277,3312],"plus_produit":[3883,3858,3306,3326,3307],"class_list":{"1":"product","4":"has-post-thumbnail","6":"product_tag-certificacion-ecolabel-a-pt","7":"product_tag-post-combustion-es-pt","8":"pa_indice-de-performance-103-00-4","9":"pa_surface-de-chauffe-25-100-pt","10":"pa_taux-de-co-0-1200-3","11":"pa_volume-de-chauffe-min-max-3","12":"plus_produit-ar-secundario-ajustavel-pt","13":"plus_produit-combustion-prolongada-8-horas-pt","14":"plus_produit-origine-france-garantie","15":"plus_produit-sistema-de-post-combustion-pt","16":"plus_produit-vidro-proprio","18":"first","19":"instock","20":"product-type-simple"},"acf":[],"yoast_head":"<!-- This site is optimized with the Yoast SEO plugin v24.7 - https:\/\/yoast.com\/wordpress\/plugins\/seo\/ -->\n<title>Salamandra Ferro Fundido Astana - Invicta<\/title>\n<meta name=\"description\" content=\"Considere um espa\u00e7o pequeno para esta salamandra compacta de estilo cl\u00e1ssico: as suas propriedades t\u00e9rmicas encant\u00e1-lo-\u00e3o.\" \/>\n<meta name=\"robots\" content=\"index, follow, max-snippet:-1, max-image-preview:large, max-video-preview:-1\" \/>\n<link rel=\"canonical\" href=\"https:\/\/dev.invicta.wp19.axome.cc\/pt\/produit\/salamandra-ferro-fundido-astana\/\" \/>\n<meta property=\"og:locale\" content=\"pt_PT\" \/>\n<meta property=\"og:type\" content=\"article\" \/>\n<meta property=\"og:title\" content=\"Salamandra Ferro Fundido Astana - Invicta\" \/>\n<meta property=\"og:description\" content=\"Considere um espa\u00e7o pequeno para esta salamandra compacta de estilo cl\u00e1ssico: as suas propriedades t\u00e9rmicas encant\u00e1-lo-\u00e3o.\" \/>\n<meta property=\"og:url\" content=\"https:\/\/dev.invicta.wp19.axome.cc\/pt\/produit\/salamandra-ferro-fundido-astana\/\" \/>\n<meta property=\"og:site_name\" content=\"Invicta\" \/>\n<meta property=\"article:modified_time\" content=\"2025-06-09T16:12:28+00:00\" \/>\n<meta property=\"og:image\" content=\"https:\/\/dev.invicta.wp19.axome.cc\/wp-content\/uploads\/2025\/06\/Astana_poele_a_bois.jpg\" \/>\n\t<meta property=\"og:image:width\" content=\"1000\" \/>\n\t<meta property=\"og:image:height\" content=\"920\" \/>\n\t<meta property=\"og:image:type\" content=\"image\/jpeg\" \/>\n<meta name=\"twitter:card\" content=\"summary_large_image\" \/>\n<script type=\"application\/ld+json\" class=\"yoast-schema-graph\">{\"@context\":\"https:\/\/schema.org\",\"@graph\":[{\"@type\":\"WebPage\",\"@id\":\"https:\/\/dev.invicta.wp19.axome.cc\/pt\/produit\/salamandra-ferro-fundido-astana\/\",\"url\":\"https:\/\/dev.invicta.wp19.axome.cc\/pt\/produit\/salamandra-ferro-fundido-astana\/\",\"name\":\"Salamandra Ferro Fundido Astana - Invicta\",\"isPartOf\":{\"@id\":\"https:\/\/dev.invicta.wp19.axome.cc\/pt\/#website\"},\"primaryImageOfPage\":{\"@id\":\"https:\/\/dev.invicta.wp19.axome.cc\/pt\/produit\/salamandra-ferro-fundido-astana\/#primaryimage\"},\"image\":{\"@id\":\"https:\/\/dev.invicta.wp19.axome.cc\/pt\/produit\/salamandra-ferro-fundido-astana\/#primaryimage\"},\"thumbnailUrl\":\"https:\/\/dev.invicta.wp19.axome.cc\/wp-content\/uploads\/2025\/06\/Astana_poele_a_bois.jpg\",\"datePublished\":\"2025-06-09T16:12:26+00:00\",\"dateModified\":\"2025-06-09T16:12:28+00:00\",\"description\":\"Considere um espa\u00e7o pequeno para esta salamandra compacta de estilo cl\u00e1ssico: as suas propriedades t\u00e9rmicas encant\u00e1-lo-\u00e3o.\",\"breadcrumb\":{\"@id\":\"https:\/\/dev.invicta.wp19.axome.cc\/pt\/produit\/salamandra-ferro-fundido-astana\/#breadcrumb\"},\"inLanguage\":\"pt-PT\",\"potentialAction\":[{\"@type\":\"ReadAction\",\"target\":[\"https:\/\/dev.invicta.wp19.axome.cc\/pt\/produit\/salamandra-ferro-fundido-astana\/\"]}]},{\"@type\":\"ImageObject\",\"inLanguage\":\"pt-PT\",\"@id\":\"https:\/\/dev.invicta.wp19.axome.cc\/pt\/produit\/salamandra-ferro-fundido-astana\/#primaryimage\",\"url\":\"https:\/\/dev.invicta.wp19.axome.cc\/wp-content\/uploads\/2025\/06\/Astana_poele_a_bois.jpg\",\"contentUrl\":\"https:\/\/dev.invicta.wp19.axome.cc\/wp-content\/uploads\/2025\/06\/Astana_poele_a_bois.jpg\",\"width\":1000,\"height\":920,\"caption\":\"Salamandra Ferro Fundido Astana\"},{\"@type\":\"BreadcrumbList\",\"@id\":\"https:\/\/dev.invicta.wp19.axome.cc\/pt\/produit\/salamandra-ferro-fundido-astana\/#breadcrumb\",\"itemListElement\":[{\"@type\":\"ListItem\",\"position\":1,\"name\":\"Home\",\"item\":\"https:\/\/dev.invicta.wp19.axome.cc\/pt\/\"},{\"@type\":\"ListItem\",\"position\":2,\"name\":\"Produtos\",\"item\":\"https:\/\/dev.invicta.wp19.axome.cc\/pt\/shop\/\"},{\"@type\":\"ListItem\",\"position\":3,\"name\":\"Salamandra Ferro Fundido Astana\"}]},{\"@type\":\"WebSite\",\"@id\":\"https:\/\/dev.invicta.wp19.axome.cc\/pt\/#website\",\"url\":\"https:\/\/dev.invicta.wp19.axome.cc\/pt\/\",\"name\":\"Invicta\",\"description\":\"Fabricant fran\u00e7ais, sp\u00e9cialiste europ\u00e9en du chauffage au bois : po\u00eales \u00e0 bois et \u00e0 granul\u00e9s, chemin\u00e9es, foyers et inserts\",\"publisher\":{\"@id\":\"https:\/\/dev.invicta.wp19.axome.cc\/pt\/#organization\"},\"potentialAction\":[{\"@type\":\"SearchAction\",\"target\":{\"@type\":\"EntryPoint\",\"urlTemplate\":\"https:\/\/dev.invicta.wp19.axome.cc\/pt\/?s={search_term_string}\"},\"query-input\":{\"@type\":\"PropertyValueSpecification\",\"valueRequired\":true,\"valueName\":\"search_term_string\"}}],\"inLanguage\":\"pt-PT\"},{\"@type\":\"Organization\",\"@id\":\"https:\/\/dev.invicta.wp19.axome.cc\/pt\/#organization\",\"name\":\"Invicta\",\"url\":\"https:\/\/dev.invicta.wp19.axome.cc\/pt\/\",\"logo\":{\"@type\":\"ImageObject\",\"inLanguage\":\"pt-PT\",\"@id\":\"https:\/\/dev.invicta.wp19.axome.cc\/pt\/#\/schema\/logo\/image\/\",\"url\":\"https:\/\/www.invicta.fr\/wp-content\/uploads\/2019\/06\/INVICTALOGO_RVB.png\",\"contentUrl\":\"https:\/\/www.invicta.fr\/wp-content\/uploads\/2019\/06\/INVICTALOGO_RVB.png\",\"width\":1810,\"height\":1280,\"caption\":\"Invicta\"},\"image\":{\"@id\":\"https:\/\/dev.invicta.wp19.axome.cc\/pt\/#\/schema\/logo\/image\/\"}}]}<\/script>\n<!-- \/ Yoast SEO plugin. -->","yoast_head_json":{"title":"Salamandra Ferro Fundido Astana - Invicta","description":"Considere um espa\u00e7o pequeno para esta salamandra compacta de estilo cl\u00e1ssico: as suas propriedades t\u00e9rmicas encant\u00e1-lo-\u00e3o.","robots":{"index":"index","follow":"follow","max-snippet":"max-snippet:-1","max-image-preview":"max-image-preview:large","max-video-preview":"max-video-preview:-1"},"canonical":"https:\/\/dev.invicta.wp19.axome.cc\/pt\/produit\/salamandra-ferro-fundido-astana\/","og_locale":"pt_PT","og_type":"article","og_title":"Salamandra Ferro Fundido Astana - Invicta","og_description":"Considere um espa\u00e7o pequeno para esta salamandra compacta de estilo cl\u00e1ssico: as suas propriedades t\u00e9rmicas encant\u00e1-lo-\u00e3o.","og_url":"https:\/\/dev.invicta.wp19.axome.cc\/pt\/produit\/salamandra-ferro-fundido-astana\/","og_site_name":"Invicta","article_modified_time":"2025-06-09T16:12:28+00:00","og_image":[{"width":1000,"height":920,"url":"https:\/\/dev.invicta.wp19.axome.cc\/wp-content\/uploads\/2025\/06\/Astana_poele_a_bois.jpg","type":"image\/jpeg"}],"twitter_card":"summary_large_image","schema":{"@context":"https:\/\/schema.org","@graph":[{"@type":"WebPage","@id":"https:\/\/dev.invicta.wp19.axome.cc\/pt\/produit\/salamandra-ferro-fundido-astana\/","url":"https:\/\/dev.invicta.wp19.axome.cc\/pt\/produit\/salamandra-ferro-fundido-astana\/","name":"Salamandra Ferro Fundido Astana - Invicta","isPartOf":{"@id":"https:\/\/dev.invicta.wp19.axome.cc\/pt\/#website"},"primaryImageOfPage":{"@id":"https:\/\/dev.invicta.wp19.axome.cc\/pt\/produit\/salamandra-ferro-fundido-astana\/#primaryimage"},"image":{"@id":"https:\/\/dev.invicta.wp19.axome.cc\/pt\/produit\/salamandra-ferro-fundido-astana\/#primaryimage"},"thumbnailUrl":"https:\/\/dev.invicta.wp19.axome.cc\/wp-content\/uploads\/2025\/06\/Astana_poele_a_bois.jpg","datePublished":"2025-06-09T16:12:26+00:00","dateModified":"2025-06-09T16:12:28+00:00","description":"Considere um espa\u00e7o pequeno para esta salamandra compacta de estilo cl\u00e1ssico: as suas propriedades t\u00e9rmicas encant\u00e1-lo-\u00e3o.","breadcrumb":{"@id":"https:\/\/dev.invicta.wp19.axome.cc\/pt\/produit\/salamandra-ferro-fundido-astana\/#breadcrumb"},"inLanguage":"pt-PT","potentialAction":[{"@type":"ReadAction","target":["https:\/\/dev.invicta.wp19.axome.cc\/pt\/produit\/salamandra-ferro-fundido-astana\/"]}]},{"@type":"ImageObject","inLanguage":"pt-PT","@id":"https:\/\/dev.invicta.wp19.axome.cc\/pt\/produit\/salamandra-ferro-fundido-astana\/#primaryimage","url":"https:\/\/dev.invicta.wp19.axome.cc\/wp-content\/uploads\/2025\/06\/Astana_poele_a_bois.jpg","contentUrl":"https:\/\/dev.invicta.wp19.axome.cc\/wp-content\/uploads\/2025\/06\/Astana_poele_a_bois.jpg","width":1000,"height":920,"caption":"Salamandra Ferro Fundido Astana"},{"@type":"BreadcrumbList","@id":"https:\/\/dev.invicta.wp19.axome.cc\/pt\/produit\/salamandra-ferro-fundido-astana\/#breadcrumb","itemListElement":[{"@type":"ListItem","position":1,"name":"Home","item":"https:\/\/dev.invicta.wp19.axome.cc\/pt\/"},{"@type":"ListItem","position":2,"name":"Produtos","item":"https:\/\/dev.invicta.wp19.axome.cc\/pt\/shop\/"},{"@type":"ListItem","position":3,"name":"Salamandra Ferro Fundido Astana"}]},{"@type":"WebSite","@id":"https:\/\/dev.invicta.wp19.axome.cc\/pt\/#website","url":"https:\/\/dev.invicta.wp19.axome.cc\/pt\/","name":"Invicta","description":"Fabricant fran\u00e7ais, sp\u00e9cialiste europ\u00e9en du chauffage au bois : po\u00eales \u00e0 bois et \u00e0 granul\u00e9s, chemin\u00e9es, foyers et inserts","publisher":{"@id":"https:\/\/dev.invicta.wp19.axome.cc\/pt\/#organization"},"potentialAction":[{"@type":"SearchAction","target":{"@type":"EntryPoint","urlTemplate":"https:\/\/dev.invicta.wp19.axome.cc\/pt\/?s={search_term_string}"},"query-input":{"@type":"PropertyValueSpecification","valueRequired":true,"valueName":"search_term_string"}}],"inLanguage":"pt-PT"},{"@type":"Organization","@id":"https:\/\/dev.invicta.wp19.axome.cc\/pt\/#organization","name":"Invicta","url":"https:\/\/dev.invicta.wp19.axome.cc\/pt\/","logo":{"@type":"ImageObject","inLanguage":"pt-PT","@id":"https:\/\/dev.invicta.wp19.axome.cc\/pt\/#\/schema\/logo\/image\/","url":"https:\/\/www.invicta.fr\/wp-content\/uploads\/2019\/06\/INVICTALOGO_RVB.png","contentUrl":"https:\/\/www.invicta.fr\/wp-content\/uploads\/2019\/06\/INVICTALOGO_RVB.png","width":1810,"height":1280,"caption":"Invicta"},"image":{"@id":"https:\/\/dev.invicta.wp19.axome.cc\/pt\/#\/schema\/logo\/image\/"}}]}},"_links":{"self":[{"href":"https:\/\/dev.invicta.wp19.axome.cc\/pt\/wp-json\/wp\/v2\/product\/69763","targetHints":{"allow":["GET"]}}],"collection":[{"href":"https:\/\/dev.invicta.wp19.axome.cc\/pt\/wp-json\/wp\/v2\/product"}],"about":[{"href":"https:\/\/dev.invicta.wp19.axome.cc\/pt\/wp-json\/wp\/v2\/types\/product"}],"wp:featuredmedia":[{"embeddable":true,"href":"https:\/\/dev.invicta.wp19.axome.cc\/pt\/wp-json\/wp\/v2\/media\/69176"}],"wp:attachment":[{"href":"https:\/\/dev.invicta.wp19.axome.cc\/pt\/wp-json\/wp\/v2\/media?parent=69763"}],"wp:term":[{"taxonomy":"product_brand","embeddable":true,"href":"https:\/\/dev.invicta.wp19.axome.cc\/pt\/wp-json\/wp\/v2\/product_brand?post=69763"},{"taxonomy":"product_cat","embeddable":true,"href":"https:\/\/dev.invicta.wp19.axome.cc\/pt\/wp-json\/wp\/v2\/product_cat?post=69763"},{"taxonomy":"product_tag","embeddable":true,"href":"https:\/\/dev.invicta.wp19.axome.cc\/pt\/wp-json\/wp\/v2\/product_tag?post=69763"},{"taxonomy":"plus_produit","embeddable":true,"href":"https:\/\/dev.invicta.wp19.axome.cc\/pt\/wp-json\/wp\/v2\/plus_produit?post=69763"}],"curies":[{"name":"wp","href":"https:\/\/api.w.org\/{rel}","templated":true}]}}