{"id":69765,"date":"2025-11-26T08:30:55","date_gmt":"2025-11-26T13:01:31","guid":{"rendered":"https:\/\/dev.invicta.wp19.axome.cc\/produit\/salamandra-de-ferro-fundido-vosges\/"},"modified":"2025-11-26T15:01:32","modified_gmt":"2025-11-26T14:01:32","slug":"salamandra-ferro-fundido-vosges","status":"publish","type":"product","link":"https:\/\/dev.invicta.wp19.axome.cc\/pt\/produit\/salamandra-ferro-fundido-vosges\/","title":{"rendered":"Salamandra de Ferro Fundido Vosges"},"content":{"rendered":"","protected":false},"excerpt":{"rendered":"<p>O estilo retro desta salamandra adapta-se a todos os ambientes, cl\u00e1ssicos, r\u00fasticos ou modernos.<\/p>\n","protected":false},"featured_media":68372,"template":"","meta":{"_acf_changed":false},"product_brand":[],"product_cat":[3105,4842,4188,6126,6177,6127,6179],"product_tag":[3310,3277,3312,4513,6832],"plus_produit":[3883,3858,6837,3306,3326,3307],"class_list":{"1":"product","4":"has-post-thumbnail","6":"product_cat-ajuda-na-selecao","7":"product_cat-salamandras-a-lenha","8":"product_cat-salamandras-a-lenha-em-ferro-fundido-ou-em-aco-salamandras-a-lenha","9":"product_cat-fogoes-a-lenha-toras-50-cm","10":"product_cat-8-kw-fogoes-a-lenha","11":"product_cat-fogoes-industriais-a-lenha","12":"product_cat-fogoes-a-lenha-tradicionais","13":"product_tag-eco-design-2022-es-pt","14":"product_tag-certificacion-ecolabel-a-pt","15":"product_tag-post-combustion-es-pt","16":"product_tag-garantia-de-3-anos-pt","17":"product_tag-y-extension-garantie-2ans-por","18":"pa_consommation-053-a-222-kg-hora","19":"pa_depart-des-fumees-parte-superior-pt","20":"pa_indice-de-performance-105-pt","21":"pa_surface-de-chauffe-40-a-100-m-pt","22":"pa_volume-de-chauffe-105-a-240-m-pt","23":"plus_produit-ar-secundario-ajustavel-pt","24":"plus_produit-combustion-prolongada-8-horas-pt","25":"plus_produit-extensao-de-garantia-2-anos","26":"plus_produit-origine-france-garantie","27":"plus_produit-sistema-de-post-combustion-pt","28":"plus_produit-vidro-proprio","30":"first","31":"instock","32":"purchasable","33":"product-type-simple"},"acf":[],"yoast_head":"<!-- This site is optimized with the Yoast SEO plugin v24.7 - https:\/\/yoast.com\/wordpress\/plugins\/seo\/ -->\n<title>Salamandra de Ferro Fundido Vosges - Invicta<\/title>\n<meta name=\"description\" content=\"O estilo retro desta salamandra adapta-se a todos os ambientes, cl\u00e1ssicos, r\u00fasticos ou modernos.\" \/>\n<meta name=\"robots\" content=\"index, follow, max-snippet:-1, max-image-preview:large, max-video-preview:-1\" \/>\n<link rel=\"canonical\" href=\"https:\/\/dev.invicta.wp19.axome.cc\/pt\/produit\/salamandra-ferro-fundido-vosges\/\" \/>\n<meta property=\"og:locale\" content=\"pt_PT\" \/>\n<meta property=\"og:type\" content=\"article\" \/>\n<meta property=\"og:title\" content=\"Salamandra de Ferro Fundido Vosges - Invicta\" \/>\n<meta property=\"og:description\" content=\"O estilo retro desta salamandra adapta-se a todos os ambientes, cl\u00e1ssicos, r\u00fasticos ou modernos.\" \/>\n<meta property=\"og:url\" content=\"https:\/\/dev.invicta.wp19.axome.cc\/pt\/produit\/salamandra-ferro-fundido-vosges\/\" \/>\n<meta property=\"og:site_name\" content=\"Invicta\" \/>\n<meta property=\"article:modified_time\" content=\"2025-11-26T14:01:32+00:00\" \/>\n<meta property=\"og:image\" content=\"https:\/\/dev.invicta.wp19.axome.cc\/wp-content\/uploads\/2025\/06\/vosges_ambiance_poele_a_bois.jpg\" \/>\n\t<meta property=\"og:image:width\" content=\"440\" \/>\n\t<meta property=\"og:image:height\" content=\"466\" \/>\n\t<meta property=\"og:image:type\" content=\"image\/jpeg\" \/>\n<meta name=\"twitter:card\" content=\"summary_large_image\" \/>\n<script type=\"application\/ld+json\" class=\"yoast-schema-graph\">{\"@context\":\"https:\/\/schema.org\",\"@graph\":[{\"@type\":\"WebPage\",\"@id\":\"https:\/\/dev.invicta.wp19.axome.cc\/pt\/produit\/salamandra-ferro-fundido-vosges\/\",\"url\":\"https:\/\/dev.invicta.wp19.axome.cc\/pt\/produit\/salamandra-ferro-fundido-vosges\/\",\"name\":\"Salamandra de Ferro Fundido Vosges - Invicta\",\"isPartOf\":{\"@id\":\"https:\/\/dev.invicta.wp19.axome.cc\/pt\/#website\"},\"primaryImageOfPage\":{\"@id\":\"https:\/\/dev.invicta.wp19.axome.cc\/pt\/produit\/salamandra-ferro-fundido-vosges\/#primaryimage\"},\"image\":{\"@id\":\"https:\/\/dev.invicta.wp19.axome.cc\/pt\/produit\/salamandra-ferro-fundido-vosges\/#primaryimage\"},\"thumbnailUrl\":\"https:\/\/dev.invicta.wp19.axome.cc\/wp-content\/uploads\/2025\/06\/vosges_ambiance_poele_a_bois.jpg\",\"datePublished\":\"2025-11-26T13:01:31+00:00\",\"dateModified\":\"2025-11-26T14:01:32+00:00\",\"description\":\"O estilo retro desta salamandra adapta-se a todos os ambientes, cl\u00e1ssicos, r\u00fasticos ou modernos.\",\"breadcrumb\":{\"@id\":\"https:\/\/dev.invicta.wp19.axome.cc\/pt\/produit\/salamandra-ferro-fundido-vosges\/#breadcrumb\"},\"inLanguage\":\"pt-PT\",\"potentialAction\":[{\"@type\":\"ReadAction\",\"target\":[\"https:\/\/dev.invicta.wp19.axome.cc\/pt\/produit\/salamandra-ferro-fundido-vosges\/\"]}]},{\"@type\":\"ImageObject\",\"inLanguage\":\"pt-PT\",\"@id\":\"https:\/\/dev.invicta.wp19.axome.cc\/pt\/produit\/salamandra-ferro-fundido-vosges\/#primaryimage\",\"url\":\"https:\/\/dev.invicta.wp19.axome.cc\/wp-content\/uploads\/2025\/06\/vosges_ambiance_poele_a_bois.jpg\",\"contentUrl\":\"https:\/\/dev.invicta.wp19.axome.cc\/wp-content\/uploads\/2025\/06\/vosges_ambiance_poele_a_bois.jpg\",\"width\":440,\"height\":466},{\"@type\":\"BreadcrumbList\",\"@id\":\"https:\/\/dev.invicta.wp19.axome.cc\/pt\/produit\/salamandra-ferro-fundido-vosges\/#breadcrumb\",\"itemListElement\":[{\"@type\":\"ListItem\",\"position\":1,\"name\":\"Home\",\"item\":\"https:\/\/dev.invicta.wp19.axome.cc\/pt\/\"},{\"@type\":\"ListItem\",\"position\":2,\"name\":\"Produtos\",\"item\":\"https:\/\/dev.invicta.wp19.axome.cc\/pt\/shop\/\"},{\"@type\":\"ListItem\",\"position\":3,\"name\":\"Salamandras a lenha\",\"item\":\"https:\/\/dev.invicta.wp19.axome.cc\/pt\/categorie-produit\/salamandras-a-lenha\/\"},{\"@type\":\"ListItem\",\"position\":4,\"name\":\"Salamandras a lenha em ferro fundido ou em a\u00e7o\",\"item\":\"https:\/\/dev.invicta.wp19.axome.cc\/pt\/categorie-produit\/salamandras-a-lenha\/salamandras-a-lenha-em-ferro-fundido-ou-em-aco-salamandras-a-lenha\/\"},{\"@type\":\"ListItem\",\"position\":5,\"name\":\"Salamandra de Ferro Fundido Vosges\"}]},{\"@type\":\"WebSite\",\"@id\":\"https:\/\/dev.invicta.wp19.axome.cc\/pt\/#website\",\"url\":\"https:\/\/dev.invicta.wp19.axome.cc\/pt\/\",\"name\":\"Invicta\",\"description\":\"Fabricant fran\u00e7ais, sp\u00e9cialiste europ\u00e9en du chauffage au bois : po\u00eales \u00e0 bois et \u00e0 granul\u00e9s, chemin\u00e9es, foyers et inserts\",\"publisher\":{\"@id\":\"https:\/\/dev.invicta.wp19.axome.cc\/pt\/#organization\"},\"potentialAction\":[{\"@type\":\"SearchAction\",\"target\":{\"@type\":\"EntryPoint\",\"urlTemplate\":\"https:\/\/dev.invicta.wp19.axome.cc\/pt\/?s={search_term_string}\"},\"query-input\":{\"@type\":\"PropertyValueSpecification\",\"valueRequired\":true,\"valueName\":\"search_term_string\"}}],\"inLanguage\":\"pt-PT\"},{\"@type\":\"Organization\",\"@id\":\"https:\/\/dev.invicta.wp19.axome.cc\/pt\/#organization\",\"name\":\"Invicta\",\"url\":\"https:\/\/dev.invicta.wp19.axome.cc\/pt\/\",\"logo\":{\"@type\":\"ImageObject\",\"inLanguage\":\"pt-PT\",\"@id\":\"https:\/\/dev.invicta.wp19.axome.cc\/pt\/#\/schema\/logo\/image\/\",\"url\":\"https:\/\/www.invicta.fr\/wp-content\/uploads\/2019\/06\/INVICTALOGO_RVB.png\",\"contentUrl\":\"https:\/\/www.invicta.fr\/wp-content\/uploads\/2019\/06\/INVICTALOGO_RVB.png\",\"width\":1810,\"height\":1280,\"caption\":\"Invicta\"},\"image\":{\"@id\":\"https:\/\/dev.invicta.wp19.axome.cc\/pt\/#\/schema\/logo\/image\/\"}}]}<\/script>\n<!-- \/ Yoast SEO plugin. -->","yoast_head_json":{"title":"Salamandra de Ferro Fundido Vosges - Invicta","description":"O estilo retro desta salamandra adapta-se a todos os ambientes, cl\u00e1ssicos, r\u00fasticos ou modernos.","robots":{"index":"index","follow":"follow","max-snippet":"max-snippet:-1","max-image-preview":"max-image-preview:large","max-video-preview":"max-video-preview:-1"},"canonical":"https:\/\/dev.invicta.wp19.axome.cc\/pt\/produit\/salamandra-ferro-fundido-vosges\/","og_locale":"pt_PT","og_type":"article","og_title":"Salamandra de Ferro Fundido Vosges - Invicta","og_description":"O estilo retro desta salamandra adapta-se a todos os ambientes, cl\u00e1ssicos, r\u00fasticos ou modernos.","og_url":"https:\/\/dev.invicta.wp19.axome.cc\/pt\/produit\/salamandra-ferro-fundido-vosges\/","og_site_name":"Invicta","article_modified_time":"2025-11-26T14:01:32+00:00","og_image":[{"width":440,"height":466,"url":"https:\/\/dev.invicta.wp19.axome.cc\/wp-content\/uploads\/2025\/06\/vosges_ambiance_poele_a_bois.jpg","type":"image\/jpeg"}],"twitter_card":"summary_large_image","schema":{"@context":"https:\/\/schema.org","@graph":[{"@type":"WebPage","@id":"https:\/\/dev.invicta.wp19.axome.cc\/pt\/produit\/salamandra-ferro-fundido-vosges\/","url":"https:\/\/dev.invicta.wp19.axome.cc\/pt\/produit\/salamandra-ferro-fundido-vosges\/","name":"Salamandra de Ferro Fundido Vosges - Invicta","isPartOf":{"@id":"https:\/\/dev.invicta.wp19.axome.cc\/pt\/#website"},"primaryImageOfPage":{"@id":"https:\/\/dev.invicta.wp19.axome.cc\/pt\/produit\/salamandra-ferro-fundido-vosges\/#primaryimage"},"image":{"@id":"https:\/\/dev.invicta.wp19.axome.cc\/pt\/produit\/salamandra-ferro-fundido-vosges\/#primaryimage"},"thumbnailUrl":"https:\/\/dev.invicta.wp19.axome.cc\/wp-content\/uploads\/2025\/06\/vosges_ambiance_poele_a_bois.jpg","datePublished":"2025-11-26T13:01:31+00:00","dateModified":"2025-11-26T14:01:32+00:00","description":"O estilo retro desta salamandra adapta-se a todos os ambientes, cl\u00e1ssicos, r\u00fasticos ou modernos.","breadcrumb":{"@id":"https:\/\/dev.invicta.wp19.axome.cc\/pt\/produit\/salamandra-ferro-fundido-vosges\/#breadcrumb"},"inLanguage":"pt-PT","potentialAction":[{"@type":"ReadAction","target":["https:\/\/dev.invicta.wp19.axome.cc\/pt\/produit\/salamandra-ferro-fundido-vosges\/"]}]},{"@type":"ImageObject","inLanguage":"pt-PT","@id":"https:\/\/dev.invicta.wp19.axome.cc\/pt\/produit\/salamandra-ferro-fundido-vosges\/#primaryimage","url":"https:\/\/dev.invicta.wp19.axome.cc\/wp-content\/uploads\/2025\/06\/vosges_ambiance_poele_a_bois.jpg","contentUrl":"https:\/\/dev.invicta.wp19.axome.cc\/wp-content\/uploads\/2025\/06\/vosges_ambiance_poele_a_bois.jpg","width":440,"height":466},{"@type":"BreadcrumbList","@id":"https:\/\/dev.invicta.wp19.axome.cc\/pt\/produit\/salamandra-ferro-fundido-vosges\/#breadcrumb","itemListElement":[{"@type":"ListItem","position":1,"name":"Home","item":"https:\/\/dev.invicta.wp19.axome.cc\/pt\/"},{"@type":"ListItem","position":2,"name":"Produtos","item":"https:\/\/dev.invicta.wp19.axome.cc\/pt\/shop\/"},{"@type":"ListItem","position":3,"name":"Salamandras a lenha","item":"https:\/\/dev.invicta.wp19.axome.cc\/pt\/categorie-produit\/salamandras-a-lenha\/"},{"@type":"ListItem","position":4,"name":"Salamandras a lenha em ferro fundido ou em a\u00e7o","item":"https:\/\/dev.invicta.wp19.axome.cc\/pt\/categorie-produit\/salamandras-a-lenha\/salamandras-a-lenha-em-ferro-fundido-ou-em-aco-salamandras-a-lenha\/"},{"@type":"ListItem","position":5,"name":"Salamandra de Ferro Fundido Vosges"}]},{"@type":"WebSite","@id":"https:\/\/dev.invicta.wp19.axome.cc\/pt\/#website","url":"https:\/\/dev.invicta.wp19.axome.cc\/pt\/","name":"Invicta","description":"Fabricant fran\u00e7ais, sp\u00e9cialiste europ\u00e9en du chauffage au bois : po\u00eales \u00e0 bois et \u00e0 granul\u00e9s, chemin\u00e9es, foyers et inserts","publisher":{"@id":"https:\/\/dev.invicta.wp19.axome.cc\/pt\/#organization"},"potentialAction":[{"@type":"SearchAction","target":{"@type":"EntryPoint","urlTemplate":"https:\/\/dev.invicta.wp19.axome.cc\/pt\/?s={search_term_string}"},"query-input":{"@type":"PropertyValueSpecification","valueRequired":true,"valueName":"search_term_string"}}],"inLanguage":"pt-PT"},{"@type":"Organization","@id":"https:\/\/dev.invicta.wp19.axome.cc\/pt\/#organization","name":"Invicta","url":"https:\/\/dev.invicta.wp19.axome.cc\/pt\/","logo":{"@type":"ImageObject","inLanguage":"pt-PT","@id":"https:\/\/dev.invicta.wp19.axome.cc\/pt\/#\/schema\/logo\/image\/","url":"https:\/\/www.invicta.fr\/wp-content\/uploads\/2019\/06\/INVICTALOGO_RVB.png","contentUrl":"https:\/\/www.invicta.fr\/wp-content\/uploads\/2019\/06\/INVICTALOGO_RVB.png","width":1810,"height":1280,"caption":"Invicta"},"image":{"@id":"https:\/\/dev.invicta.wp19.axome.cc\/pt\/#\/schema\/logo\/image\/"}}]}},"_links":{"self":[{"href":"https:\/\/dev.invicta.wp19.axome.cc\/pt\/wp-json\/wp\/v2\/product\/69765","targetHints":{"allow":["GET"]}}],"collection":[{"href":"https:\/\/dev.invicta.wp19.axome.cc\/pt\/wp-json\/wp\/v2\/product"}],"about":[{"href":"https:\/\/dev.invicta.wp19.axome.cc\/pt\/wp-json\/wp\/v2\/types\/product"}],"wp:featuredmedia":[{"embeddable":true,"href":"https:\/\/dev.invicta.wp19.axome.cc\/pt\/wp-json\/wp\/v2\/media\/68372"}],"wp:attachment":[{"href":"https:\/\/dev.invicta.wp19.axome.cc\/pt\/wp-json\/wp\/v2\/media?parent=69765"}],"wp:term":[{"taxonomy":"product_brand","embeddable":true,"href":"https:\/\/dev.invicta.wp19.axome.cc\/pt\/wp-json\/wp\/v2\/product_brand?post=69765"},{"taxonomy":"product_cat","embeddable":true,"href":"https:\/\/dev.invicta.wp19.axome.cc\/pt\/wp-json\/wp\/v2\/product_cat?post=69765"},{"taxonomy":"product_tag","embeddable":true,"href":"https:\/\/dev.invicta.wp19.axome.cc\/pt\/wp-json\/wp\/v2\/product_tag?post=69765"},{"taxonomy":"plus_produit","embeddable":true,"href":"https:\/\/dev.invicta.wp19.axome.cc\/pt\/wp-json\/wp\/v2\/plus_produit?post=69765"}],"curies":[{"name":"wp","href":"https:\/\/api.w.org\/{rel}","templated":true}]}}