{"id":69776,"date":"2025-11-26T08:28:50","date_gmt":"2025-11-26T12:59:36","guid":{"rendered":"https:\/\/dev.invicta.wp19.axome.cc\/produit\/salamandra-em-ferro-fundido-pharos\/"},"modified":"2025-11-26T14:59:45","modified_gmt":"2025-11-26T13:59:45","slug":"salamandra-ferro-fundido-pharos","status":"publish","type":"product","link":"https:\/\/dev.invicta.wp19.axome.cc\/pt\/produit\/salamandra-ferro-fundido-pharos\/","title":{"rendered":"Salamandra em ferro fundido Pharos"},"content":{"rendered":"","protected":false},"excerpt":{"rendered":"<p>Produto guia da linha Invicta, Pharos abre caminho a uma casa moderna e eficientemente aquecida. Siga a luz e descubra as m\u00faltiplas vantagens desta salamandra rotativa.<\/p>\n","protected":false},"featured_media":68485,"template":"","meta":{"_acf_changed":false},"product_brand":[],"product_cat":[3105,4842,4188,6277,6125,6121,6122],"product_tag":[3311,3310,3277,3275,3312,4513,6832],"plus_produit":[8087,3883,3858,6837,3306,4027,3326,3307],"class_list":{"1":"product","4":"has-post-thumbnail","6":"product_cat-ajuda-na-selecao","7":"product_cat-salamandras-a-lenha","8":"product_cat-salamandras-a-lenha-em-ferro-fundido-ou-em-aco-salamandras-a-lenha","9":"product_cat-fogoes-a-lenha-de-canto","10":"product_cat-fogoes-a-lenha-contemporaneos","11":"product_cat-fogoes-a-lenha-de-design","12":"product_cat-fogoes-modernos-a-lenha","13":"product_tag-flamme-verte-7-pt","14":"product_tag-eco-design-2022-es-pt","15":"product_tag-certificacion-ecolabel-a-pt","16":"product_tag-100-hierro-fundido-pt","17":"product_tag-post-combustion-es-pt","18":"product_tag-garantia-de-3-anos-pt","19":"product_tag-y-extension-garantie-2ans-por","20":"pa_combustible-recommande-33-2","21":"pa_consommation-053-a-222-kg-hora","22":"pa_depart-des-fumees-parte-superior-pt","23":"pa_indice-de-performance-100-pt","24":"pa_surface-de-chauffe-65-a-145-m-pt","25":"pa_volume-de-chauffe-160-a-360-m-pt-2","26":"plus_produit-100-fonte-4","27":"plus_produit-ar-secundario-ajustavel-pt","28":"plus_produit-combustion-prolongada-8-horas-pt","29":"plus_produit-extensao-de-garantia-2-anos","30":"plus_produit-origine-france-garantie","31":"plus_produit-salamandra-giratoria-a-360-pt","32":"plus_produit-sistema-de-post-combustion-pt","33":"plus_produit-vidro-proprio","35":"first","36":"instock","37":"purchasable","38":"product-type-simple"},"acf":[],"yoast_head":"<!-- This site is optimized with the Yoast SEO plugin v24.7 - https:\/\/yoast.com\/wordpress\/plugins\/seo\/ -->\n<title>Salamandra em ferro fundido Pharos - Invicta<\/title>\n<meta name=\"description\" content=\"Produto guia da linha Invicta, Pharos abre caminho a uma casa moderna e eficientemente aquecida. Siga a luz e descubra as m\u00faltiplas vantagens desta salamandra rotativa.\" \/>\n<meta name=\"robots\" content=\"index, follow, max-snippet:-1, max-image-preview:large, max-video-preview:-1\" \/>\n<link rel=\"canonical\" href=\"https:\/\/dev.invicta.wp19.axome.cc\/pt\/produit\/salamandra-ferro-fundido-pharos\/\" \/>\n<meta property=\"og:locale\" content=\"pt_PT\" \/>\n<meta property=\"og:type\" content=\"article\" \/>\n<meta property=\"og:title\" content=\"Salamandra em ferro fundido Pharos - Invicta\" \/>\n<meta property=\"og:description\" content=\"Produto guia da linha Invicta, Pharos abre caminho a uma casa moderna e eficientemente aquecida. Siga a luz e descubra as m\u00faltiplas vantagens desta salamandra rotativa.\" \/>\n<meta property=\"og:url\" content=\"https:\/\/dev.invicta.wp19.axome.cc\/pt\/produit\/salamandra-ferro-fundido-pharos\/\" \/>\n<meta property=\"og:site_name\" content=\"Invicta\" \/>\n<meta property=\"article:modified_time\" content=\"2025-11-26T13:59:45+00:00\" \/>\n<meta property=\"og:image\" content=\"https:\/\/dev.invicta.wp19.axome.cc\/wp-content\/uploads\/2025\/06\/pharos_961_poele_a_bois_ambiance.jpg\" \/>\n\t<meta property=\"og:image:width\" content=\"675\" \/>\n\t<meta property=\"og:image:height\" content=\"900\" \/>\n\t<meta property=\"og:image:type\" content=\"image\/jpeg\" \/>\n<meta name=\"twitter:card\" content=\"summary_large_image\" \/>\n<script type=\"application\/ld+json\" class=\"yoast-schema-graph\">{\"@context\":\"https:\/\/schema.org\",\"@graph\":[{\"@type\":\"WebPage\",\"@id\":\"https:\/\/dev.invicta.wp19.axome.cc\/pt\/produit\/salamandra-ferro-fundido-pharos\/\",\"url\":\"https:\/\/dev.invicta.wp19.axome.cc\/pt\/produit\/salamandra-ferro-fundido-pharos\/\",\"name\":\"Salamandra em ferro fundido Pharos - Invicta\",\"isPartOf\":{\"@id\":\"https:\/\/dev.invicta.wp19.axome.cc\/pt\/#website\"},\"primaryImageOfPage\":{\"@id\":\"https:\/\/dev.invicta.wp19.axome.cc\/pt\/produit\/salamandra-ferro-fundido-pharos\/#primaryimage\"},\"image\":{\"@id\":\"https:\/\/dev.invicta.wp19.axome.cc\/pt\/produit\/salamandra-ferro-fundido-pharos\/#primaryimage\"},\"thumbnailUrl\":\"https:\/\/dev.invicta.wp19.axome.cc\/wp-content\/uploads\/2025\/06\/pharos_961_poele_a_bois_ambiance.jpg\",\"datePublished\":\"2025-11-26T12:59:36+00:00\",\"dateModified\":\"2025-11-26T13:59:45+00:00\",\"description\":\"Produto guia da linha Invicta, Pharos abre caminho a uma casa moderna e eficientemente aquecida. Siga a luz e descubra as m\u00faltiplas vantagens desta salamandra rotativa.\",\"breadcrumb\":{\"@id\":\"https:\/\/dev.invicta.wp19.axome.cc\/pt\/produit\/salamandra-ferro-fundido-pharos\/#breadcrumb\"},\"inLanguage\":\"pt-PT\",\"potentialAction\":[{\"@type\":\"ReadAction\",\"target\":[\"https:\/\/dev.invicta.wp19.axome.cc\/pt\/produit\/salamandra-ferro-fundido-pharos\/\"]}]},{\"@type\":\"ImageObject\",\"inLanguage\":\"pt-PT\",\"@id\":\"https:\/\/dev.invicta.wp19.axome.cc\/pt\/produit\/salamandra-ferro-fundido-pharos\/#primaryimage\",\"url\":\"https:\/\/dev.invicta.wp19.axome.cc\/wp-content\/uploads\/2025\/06\/pharos_961_poele_a_bois_ambiance.jpg\",\"contentUrl\":\"https:\/\/dev.invicta.wp19.axome.cc\/wp-content\/uploads\/2025\/06\/pharos_961_poele_a_bois_ambiance.jpg\",\"width\":675,\"height\":900,\"caption\":\"Po\u00eale \u00e0 bois fonte Pharos 360\u00b0\"},{\"@type\":\"BreadcrumbList\",\"@id\":\"https:\/\/dev.invicta.wp19.axome.cc\/pt\/produit\/salamandra-ferro-fundido-pharos\/#breadcrumb\",\"itemListElement\":[{\"@type\":\"ListItem\",\"position\":1,\"name\":\"Home\",\"item\":\"https:\/\/dev.invicta.wp19.axome.cc\/pt\/\"},{\"@type\":\"ListItem\",\"position\":2,\"name\":\"Produtos\",\"item\":\"https:\/\/dev.invicta.wp19.axome.cc\/pt\/shop\/\"},{\"@type\":\"ListItem\",\"position\":3,\"name\":\"Salamandras a lenha\",\"item\":\"https:\/\/dev.invicta.wp19.axome.cc\/pt\/categorie-produit\/salamandras-a-lenha\/\"},{\"@type\":\"ListItem\",\"position\":4,\"name\":\"Salamandras a lenha em ferro fundido ou em a\u00e7o\",\"item\":\"https:\/\/dev.invicta.wp19.axome.cc\/pt\/categorie-produit\/salamandras-a-lenha\/salamandras-a-lenha-em-ferro-fundido-ou-em-aco-salamandras-a-lenha\/\"},{\"@type\":\"ListItem\",\"position\":5,\"name\":\"Salamandra em ferro fundido Pharos\"}]},{\"@type\":\"WebSite\",\"@id\":\"https:\/\/dev.invicta.wp19.axome.cc\/pt\/#website\",\"url\":\"https:\/\/dev.invicta.wp19.axome.cc\/pt\/\",\"name\":\"Invicta\",\"description\":\"Fabricant fran\u00e7ais, sp\u00e9cialiste europ\u00e9en du chauffage au bois : po\u00eales \u00e0 bois et \u00e0 granul\u00e9s, chemin\u00e9es, foyers et inserts\",\"publisher\":{\"@id\":\"https:\/\/dev.invicta.wp19.axome.cc\/pt\/#organization\"},\"potentialAction\":[{\"@type\":\"SearchAction\",\"target\":{\"@type\":\"EntryPoint\",\"urlTemplate\":\"https:\/\/dev.invicta.wp19.axome.cc\/pt\/?s={search_term_string}\"},\"query-input\":{\"@type\":\"PropertyValueSpecification\",\"valueRequired\":true,\"valueName\":\"search_term_string\"}}],\"inLanguage\":\"pt-PT\"},{\"@type\":\"Organization\",\"@id\":\"https:\/\/dev.invicta.wp19.axome.cc\/pt\/#organization\",\"name\":\"Invicta\",\"url\":\"https:\/\/dev.invicta.wp19.axome.cc\/pt\/\",\"logo\":{\"@type\":\"ImageObject\",\"inLanguage\":\"pt-PT\",\"@id\":\"https:\/\/dev.invicta.wp19.axome.cc\/pt\/#\/schema\/logo\/image\/\",\"url\":\"https:\/\/www.invicta.fr\/wp-content\/uploads\/2019\/06\/INVICTALOGO_RVB.png\",\"contentUrl\":\"https:\/\/www.invicta.fr\/wp-content\/uploads\/2019\/06\/INVICTALOGO_RVB.png\",\"width\":1810,\"height\":1280,\"caption\":\"Invicta\"},\"image\":{\"@id\":\"https:\/\/dev.invicta.wp19.axome.cc\/pt\/#\/schema\/logo\/image\/\"}}]}<\/script>\n<!-- \/ Yoast SEO plugin. -->","yoast_head_json":{"title":"Salamandra em ferro fundido Pharos - Invicta","description":"Produto guia da linha Invicta, Pharos abre caminho a uma casa moderna e eficientemente aquecida. Siga a luz e descubra as m\u00faltiplas vantagens desta salamandra rotativa.","robots":{"index":"index","follow":"follow","max-snippet":"max-snippet:-1","max-image-preview":"max-image-preview:large","max-video-preview":"max-video-preview:-1"},"canonical":"https:\/\/dev.invicta.wp19.axome.cc\/pt\/produit\/salamandra-ferro-fundido-pharos\/","og_locale":"pt_PT","og_type":"article","og_title":"Salamandra em ferro fundido Pharos - Invicta","og_description":"Produto guia da linha Invicta, Pharos abre caminho a uma casa moderna e eficientemente aquecida. Siga a luz e descubra as m\u00faltiplas vantagens desta salamandra rotativa.","og_url":"https:\/\/dev.invicta.wp19.axome.cc\/pt\/produit\/salamandra-ferro-fundido-pharos\/","og_site_name":"Invicta","article_modified_time":"2025-11-26T13:59:45+00:00","og_image":[{"width":675,"height":900,"url":"https:\/\/dev.invicta.wp19.axome.cc\/wp-content\/uploads\/2025\/06\/pharos_961_poele_a_bois_ambiance.jpg","type":"image\/jpeg"}],"twitter_card":"summary_large_image","schema":{"@context":"https:\/\/schema.org","@graph":[{"@type":"WebPage","@id":"https:\/\/dev.invicta.wp19.axome.cc\/pt\/produit\/salamandra-ferro-fundido-pharos\/","url":"https:\/\/dev.invicta.wp19.axome.cc\/pt\/produit\/salamandra-ferro-fundido-pharos\/","name":"Salamandra em ferro fundido Pharos - Invicta","isPartOf":{"@id":"https:\/\/dev.invicta.wp19.axome.cc\/pt\/#website"},"primaryImageOfPage":{"@id":"https:\/\/dev.invicta.wp19.axome.cc\/pt\/produit\/salamandra-ferro-fundido-pharos\/#primaryimage"},"image":{"@id":"https:\/\/dev.invicta.wp19.axome.cc\/pt\/produit\/salamandra-ferro-fundido-pharos\/#primaryimage"},"thumbnailUrl":"https:\/\/dev.invicta.wp19.axome.cc\/wp-content\/uploads\/2025\/06\/pharos_961_poele_a_bois_ambiance.jpg","datePublished":"2025-11-26T12:59:36+00:00","dateModified":"2025-11-26T13:59:45+00:00","description":"Produto guia da linha Invicta, Pharos abre caminho a uma casa moderna e eficientemente aquecida. Siga a luz e descubra as m\u00faltiplas vantagens desta salamandra rotativa.","breadcrumb":{"@id":"https:\/\/dev.invicta.wp19.axome.cc\/pt\/produit\/salamandra-ferro-fundido-pharos\/#breadcrumb"},"inLanguage":"pt-PT","potentialAction":[{"@type":"ReadAction","target":["https:\/\/dev.invicta.wp19.axome.cc\/pt\/produit\/salamandra-ferro-fundido-pharos\/"]}]},{"@type":"ImageObject","inLanguage":"pt-PT","@id":"https:\/\/dev.invicta.wp19.axome.cc\/pt\/produit\/salamandra-ferro-fundido-pharos\/#primaryimage","url":"https:\/\/dev.invicta.wp19.axome.cc\/wp-content\/uploads\/2025\/06\/pharos_961_poele_a_bois_ambiance.jpg","contentUrl":"https:\/\/dev.invicta.wp19.axome.cc\/wp-content\/uploads\/2025\/06\/pharos_961_poele_a_bois_ambiance.jpg","width":675,"height":900,"caption":"Po\u00eale \u00e0 bois fonte Pharos 360\u00b0"},{"@type":"BreadcrumbList","@id":"https:\/\/dev.invicta.wp19.axome.cc\/pt\/produit\/salamandra-ferro-fundido-pharos\/#breadcrumb","itemListElement":[{"@type":"ListItem","position":1,"name":"Home","item":"https:\/\/dev.invicta.wp19.axome.cc\/pt\/"},{"@type":"ListItem","position":2,"name":"Produtos","item":"https:\/\/dev.invicta.wp19.axome.cc\/pt\/shop\/"},{"@type":"ListItem","position":3,"name":"Salamandras a lenha","item":"https:\/\/dev.invicta.wp19.axome.cc\/pt\/categorie-produit\/salamandras-a-lenha\/"},{"@type":"ListItem","position":4,"name":"Salamandras a lenha em ferro fundido ou em a\u00e7o","item":"https:\/\/dev.invicta.wp19.axome.cc\/pt\/categorie-produit\/salamandras-a-lenha\/salamandras-a-lenha-em-ferro-fundido-ou-em-aco-salamandras-a-lenha\/"},{"@type":"ListItem","position":5,"name":"Salamandra em ferro fundido Pharos"}]},{"@type":"WebSite","@id":"https:\/\/dev.invicta.wp19.axome.cc\/pt\/#website","url":"https:\/\/dev.invicta.wp19.axome.cc\/pt\/","name":"Invicta","description":"Fabricant fran\u00e7ais, sp\u00e9cialiste europ\u00e9en du chauffage au bois : po\u00eales \u00e0 bois et \u00e0 granul\u00e9s, chemin\u00e9es, foyers et inserts","publisher":{"@id":"https:\/\/dev.invicta.wp19.axome.cc\/pt\/#organization"},"potentialAction":[{"@type":"SearchAction","target":{"@type":"EntryPoint","urlTemplate":"https:\/\/dev.invicta.wp19.axome.cc\/pt\/?s={search_term_string}"},"query-input":{"@type":"PropertyValueSpecification","valueRequired":true,"valueName":"search_term_string"}}],"inLanguage":"pt-PT"},{"@type":"Organization","@id":"https:\/\/dev.invicta.wp19.axome.cc\/pt\/#organization","name":"Invicta","url":"https:\/\/dev.invicta.wp19.axome.cc\/pt\/","logo":{"@type":"ImageObject","inLanguage":"pt-PT","@id":"https:\/\/dev.invicta.wp19.axome.cc\/pt\/#\/schema\/logo\/image\/","url":"https:\/\/www.invicta.fr\/wp-content\/uploads\/2019\/06\/INVICTALOGO_RVB.png","contentUrl":"https:\/\/www.invicta.fr\/wp-content\/uploads\/2019\/06\/INVICTALOGO_RVB.png","width":1810,"height":1280,"caption":"Invicta"},"image":{"@id":"https:\/\/dev.invicta.wp19.axome.cc\/pt\/#\/schema\/logo\/image\/"}}]}},"_links":{"self":[{"href":"https:\/\/dev.invicta.wp19.axome.cc\/pt\/wp-json\/wp\/v2\/product\/69776","targetHints":{"allow":["GET"]}}],"collection":[{"href":"https:\/\/dev.invicta.wp19.axome.cc\/pt\/wp-json\/wp\/v2\/product"}],"about":[{"href":"https:\/\/dev.invicta.wp19.axome.cc\/pt\/wp-json\/wp\/v2\/types\/product"}],"wp:featuredmedia":[{"embeddable":true,"href":"https:\/\/dev.invicta.wp19.axome.cc\/pt\/wp-json\/wp\/v2\/media\/68485"}],"wp:attachment":[{"href":"https:\/\/dev.invicta.wp19.axome.cc\/pt\/wp-json\/wp\/v2\/media?parent=69776"}],"wp:term":[{"taxonomy":"product_brand","embeddable":true,"href":"https:\/\/dev.invicta.wp19.axome.cc\/pt\/wp-json\/wp\/v2\/product_brand?post=69776"},{"taxonomy":"product_cat","embeddable":true,"href":"https:\/\/dev.invicta.wp19.axome.cc\/pt\/wp-json\/wp\/v2\/product_cat?post=69776"},{"taxonomy":"product_tag","embeddable":true,"href":"https:\/\/dev.invicta.wp19.axome.cc\/pt\/wp-json\/wp\/v2\/product_tag?post=69776"},{"taxonomy":"plus_produit","embeddable":true,"href":"https:\/\/dev.invicta.wp19.axome.cc\/pt\/wp-json\/wp\/v2\/plus_produit?post=69776"}],"curies":[{"name":"wp","href":"https:\/\/api.w.org\/{rel}","templated":true}]}}