{"id":69797,"date":"2025-11-26T08:18:14","date_gmt":"2025-11-26T12:49:29","guid":{"rendered":"https:\/\/dev.invicta.wp19.axome.cc\/produit\/salamandra-a-pellets-adrano-7-cinzento\/"},"modified":"2025-11-26T14:49:32","modified_gmt":"2025-11-26T13:49:32","slug":"salamandra-a-pellets-adrano-7-cinzento","status":"publish","type":"product","link":"https:\/\/dev.invicta.wp19.axome.cc\/pt\/produit\/salamandra-a-pellets-adrano-7-cinzento\/","title":{"rendered":"Salamandra a pellets Adrano 7 cinzento"},"content":{"rendered":"","protected":false},"excerpt":{"rendered":"<p>A eficiente salamandra a pellets Adrano oferece-lhe o essencial para um aquecimento econ\u00f3mico e de elevado desempenho.<\/p>\n","protected":false},"featured_media":68630,"template":"","meta":{"_acf_changed":false},"product_brand":[],"product_cat":[4930,4610],"product_tag":[3310,4434,6369,4513,6828],"plus_produit":[6840,4049,6366,4043,4051,4040,3864,4073],"class_list":{"1":"product","4":"has-post-thumbnail","6":"product_cat-fogoes-a-pellets","7":"product_cat-salamandras-a-pellets","8":"product_tag-eco-design-2022-es-pt","9":"product_tag-a-ecolabel-pt","10":"product_tag-opcao-wifi-c02270","11":"product_tag-garantia-de-3-anos-pt","12":"product_tag-y-garantie-extension-1-an-portugais","13":"pa_autonomie-minimum-8-5-horas-pt","14":"pa_capacite-de-la-tremie-15-kg-pt","15":"pa_consommation-0-69-1-69-4","16":"pa_depart-des-fumees-parte-traseira","17":"pa_indice-de-performance-124-pt","18":"pa_modulation-de-puissance-31-a-73-kw-pt","19":"pa_surface-de-chauffe-25-a-85-m-pt","20":"pa_taux-de-co-0-0149-4","21":"pa_volume-de-chauffe-65-a-210-m-pt","22":"plus_produit-extension-de-garantie-1-an-por","23":"plus_produit-ideal-para-orcamentos-reduzidos-pt","24":"plus_produit-kit-wi-fi-opcional","25":"plus_produit-possibilidade-de-pilotagem-por-termostato-externo-pt","26":"plus_produit-programacao-horaria-pt","27":"plus_produit-regulacao-da-velocidade-ou-da-temperatura-ambiente-pt","28":"plus_produit-saida-de-ar-quente-por-ventilador-pt","29":"plus_produit-stand-by-espera-pt","31":"first","32":"instock","33":"purchasable","34":"product-type-simple"},"acf":[],"yoast_head":"<!-- This site is optimized with the Yoast SEO plugin v24.7 - https:\/\/yoast.com\/wordpress\/plugins\/seo\/ -->\n<title>Salamandra a pellets Adrano 7 cinzento - Invicta<\/title>\n<meta name=\"description\" content=\"A eficiente salamandra a pellets Adrano oferece-lhe o essencial para um aquecimento econ\u00f3mico e de elevado desempenho.\" \/>\n<meta name=\"robots\" content=\"index, follow, max-snippet:-1, max-image-preview:large, max-video-preview:-1\" \/>\n<link rel=\"canonical\" href=\"https:\/\/dev.invicta.wp19.axome.cc\/pt\/produit\/salamandra-a-pellets-adrano-7-cinzento\/\" \/>\n<meta property=\"og:locale\" content=\"pt_PT\" \/>\n<meta property=\"og:type\" content=\"article\" \/>\n<meta property=\"og:title\" content=\"Salamandra a pellets Adrano 7 cinzento - Invicta\" \/>\n<meta property=\"og:description\" content=\"A eficiente salamandra a pellets Adrano oferece-lhe o essencial para um aquecimento econ\u00f3mico e de elevado desempenho.\" \/>\n<meta property=\"og:url\" content=\"https:\/\/dev.invicta.wp19.axome.cc\/pt\/produit\/salamandra-a-pellets-adrano-7-cinzento\/\" \/>\n<meta property=\"og:site_name\" content=\"Invicta\" \/>\n<meta property=\"article:modified_time\" content=\"2025-11-26T13:49:32+00:00\" \/>\n<meta property=\"og:image\" content=\"https:\/\/dev.invicta.wp19.axome.cc\/wp-content\/uploads\/2025\/06\/A-ADRANO7-GRIS-web.jpg\" \/>\n\t<meta property=\"og:image:width\" content=\"687\" \/>\n\t<meta property=\"og:image:height\" content=\"1000\" \/>\n\t<meta property=\"og:image:type\" content=\"image\/jpeg\" \/>\n<meta name=\"twitter:card\" content=\"summary_large_image\" \/>\n<script type=\"application\/ld+json\" class=\"yoast-schema-graph\">{\"@context\":\"https:\/\/schema.org\",\"@graph\":[{\"@type\":\"WebPage\",\"@id\":\"https:\/\/dev.invicta.wp19.axome.cc\/pt\/produit\/salamandra-a-pellets-adrano-7-cinzento\/\",\"url\":\"https:\/\/dev.invicta.wp19.axome.cc\/pt\/produit\/salamandra-a-pellets-adrano-7-cinzento\/\",\"name\":\"Salamandra a pellets Adrano 7 cinzento - Invicta\",\"isPartOf\":{\"@id\":\"https:\/\/dev.invicta.wp19.axome.cc\/pt\/#website\"},\"primaryImageOfPage\":{\"@id\":\"https:\/\/dev.invicta.wp19.axome.cc\/pt\/produit\/salamandra-a-pellets-adrano-7-cinzento\/#primaryimage\"},\"image\":{\"@id\":\"https:\/\/dev.invicta.wp19.axome.cc\/pt\/produit\/salamandra-a-pellets-adrano-7-cinzento\/#primaryimage\"},\"thumbnailUrl\":\"https:\/\/dev.invicta.wp19.axome.cc\/wp-content\/uploads\/2025\/06\/A-ADRANO7-GRIS-web.jpg\",\"datePublished\":\"2025-11-26T12:49:29+00:00\",\"dateModified\":\"2025-11-26T13:49:32+00:00\",\"description\":\"A eficiente salamandra a pellets Adrano oferece-lhe o essencial para um aquecimento econ\u00f3mico e de elevado desempenho.\",\"breadcrumb\":{\"@id\":\"https:\/\/dev.invicta.wp19.axome.cc\/pt\/produit\/salamandra-a-pellets-adrano-7-cinzento\/#breadcrumb\"},\"inLanguage\":\"pt-PT\",\"potentialAction\":[{\"@type\":\"ReadAction\",\"target\":[\"https:\/\/dev.invicta.wp19.axome.cc\/pt\/produit\/salamandra-a-pellets-adrano-7-cinzento\/\"]}]},{\"@type\":\"ImageObject\",\"inLanguage\":\"pt-PT\",\"@id\":\"https:\/\/dev.invicta.wp19.axome.cc\/pt\/produit\/salamandra-a-pellets-adrano-7-cinzento\/#primaryimage\",\"url\":\"https:\/\/dev.invicta.wp19.axome.cc\/wp-content\/uploads\/2025\/06\/A-ADRANO7-GRIS-web.jpg\",\"contentUrl\":\"https:\/\/dev.invicta.wp19.axome.cc\/wp-content\/uploads\/2025\/06\/A-ADRANO7-GRIS-web.jpg\",\"width\":687,\"height\":1000,\"caption\":\"Po\u00eale \u00e0 granul\u00e9s Adrano 7 gris\"},{\"@type\":\"BreadcrumbList\",\"@id\":\"https:\/\/dev.invicta.wp19.axome.cc\/pt\/produit\/salamandra-a-pellets-adrano-7-cinzento\/#breadcrumb\",\"itemListElement\":[{\"@type\":\"ListItem\",\"position\":1,\"name\":\"Home\",\"item\":\"https:\/\/dev.invicta.wp19.axome.cc\/pt\/\"},{\"@type\":\"ListItem\",\"position\":2,\"name\":\"Produtos\",\"item\":\"https:\/\/dev.invicta.wp19.axome.cc\/pt\/shop\/\"},{\"@type\":\"ListItem\",\"position\":3,\"name\":\"Salamandras a pellets\",\"item\":\"https:\/\/dev.invicta.wp19.axome.cc\/pt\/categorie-produit\/fogoes-a-pellets\/\"},{\"@type\":\"ListItem\",\"position\":4,\"name\":\"Salamandras a pellets\",\"item\":\"https:\/\/dev.invicta.wp19.axome.cc\/pt\/categorie-produit\/fogoes-a-pellets\/salamandras-a-pellets\/\"},{\"@type\":\"ListItem\",\"position\":5,\"name\":\"Salamandra a pellets Adrano 7 cinzento\"}]},{\"@type\":\"WebSite\",\"@id\":\"https:\/\/dev.invicta.wp19.axome.cc\/pt\/#website\",\"url\":\"https:\/\/dev.invicta.wp19.axome.cc\/pt\/\",\"name\":\"Invicta\",\"description\":\"Fabricant fran\u00e7ais, sp\u00e9cialiste europ\u00e9en du chauffage au bois : po\u00eales \u00e0 bois et \u00e0 granul\u00e9s, chemin\u00e9es, foyers et inserts\",\"publisher\":{\"@id\":\"https:\/\/dev.invicta.wp19.axome.cc\/pt\/#organization\"},\"potentialAction\":[{\"@type\":\"SearchAction\",\"target\":{\"@type\":\"EntryPoint\",\"urlTemplate\":\"https:\/\/dev.invicta.wp19.axome.cc\/pt\/?s={search_term_string}\"},\"query-input\":{\"@type\":\"PropertyValueSpecification\",\"valueRequired\":true,\"valueName\":\"search_term_string\"}}],\"inLanguage\":\"pt-PT\"},{\"@type\":\"Organization\",\"@id\":\"https:\/\/dev.invicta.wp19.axome.cc\/pt\/#organization\",\"name\":\"Invicta\",\"url\":\"https:\/\/dev.invicta.wp19.axome.cc\/pt\/\",\"logo\":{\"@type\":\"ImageObject\",\"inLanguage\":\"pt-PT\",\"@id\":\"https:\/\/dev.invicta.wp19.axome.cc\/pt\/#\/schema\/logo\/image\/\",\"url\":\"https:\/\/www.invicta.fr\/wp-content\/uploads\/2019\/06\/INVICTALOGO_RVB.png\",\"contentUrl\":\"https:\/\/www.invicta.fr\/wp-content\/uploads\/2019\/06\/INVICTALOGO_RVB.png\",\"width\":1810,\"height\":1280,\"caption\":\"Invicta\"},\"image\":{\"@id\":\"https:\/\/dev.invicta.wp19.axome.cc\/pt\/#\/schema\/logo\/image\/\"}}]}<\/script>\n<!-- \/ Yoast SEO plugin. -->","yoast_head_json":{"title":"Salamandra a pellets Adrano 7 cinzento - Invicta","description":"A eficiente salamandra a pellets Adrano oferece-lhe o essencial para um aquecimento econ\u00f3mico e de elevado desempenho.","robots":{"index":"index","follow":"follow","max-snippet":"max-snippet:-1","max-image-preview":"max-image-preview:large","max-video-preview":"max-video-preview:-1"},"canonical":"https:\/\/dev.invicta.wp19.axome.cc\/pt\/produit\/salamandra-a-pellets-adrano-7-cinzento\/","og_locale":"pt_PT","og_type":"article","og_title":"Salamandra a pellets Adrano 7 cinzento - Invicta","og_description":"A eficiente salamandra a pellets Adrano oferece-lhe o essencial para um aquecimento econ\u00f3mico e de elevado desempenho.","og_url":"https:\/\/dev.invicta.wp19.axome.cc\/pt\/produit\/salamandra-a-pellets-adrano-7-cinzento\/","og_site_name":"Invicta","article_modified_time":"2025-11-26T13:49:32+00:00","og_image":[{"width":687,"height":1000,"url":"https:\/\/dev.invicta.wp19.axome.cc\/wp-content\/uploads\/2025\/06\/A-ADRANO7-GRIS-web.jpg","type":"image\/jpeg"}],"twitter_card":"summary_large_image","schema":{"@context":"https:\/\/schema.org","@graph":[{"@type":"WebPage","@id":"https:\/\/dev.invicta.wp19.axome.cc\/pt\/produit\/salamandra-a-pellets-adrano-7-cinzento\/","url":"https:\/\/dev.invicta.wp19.axome.cc\/pt\/produit\/salamandra-a-pellets-adrano-7-cinzento\/","name":"Salamandra a pellets Adrano 7 cinzento - Invicta","isPartOf":{"@id":"https:\/\/dev.invicta.wp19.axome.cc\/pt\/#website"},"primaryImageOfPage":{"@id":"https:\/\/dev.invicta.wp19.axome.cc\/pt\/produit\/salamandra-a-pellets-adrano-7-cinzento\/#primaryimage"},"image":{"@id":"https:\/\/dev.invicta.wp19.axome.cc\/pt\/produit\/salamandra-a-pellets-adrano-7-cinzento\/#primaryimage"},"thumbnailUrl":"https:\/\/dev.invicta.wp19.axome.cc\/wp-content\/uploads\/2025\/06\/A-ADRANO7-GRIS-web.jpg","datePublished":"2025-11-26T12:49:29+00:00","dateModified":"2025-11-26T13:49:32+00:00","description":"A eficiente salamandra a pellets Adrano oferece-lhe o essencial para um aquecimento econ\u00f3mico e de elevado desempenho.","breadcrumb":{"@id":"https:\/\/dev.invicta.wp19.axome.cc\/pt\/produit\/salamandra-a-pellets-adrano-7-cinzento\/#breadcrumb"},"inLanguage":"pt-PT","potentialAction":[{"@type":"ReadAction","target":["https:\/\/dev.invicta.wp19.axome.cc\/pt\/produit\/salamandra-a-pellets-adrano-7-cinzento\/"]}]},{"@type":"ImageObject","inLanguage":"pt-PT","@id":"https:\/\/dev.invicta.wp19.axome.cc\/pt\/produit\/salamandra-a-pellets-adrano-7-cinzento\/#primaryimage","url":"https:\/\/dev.invicta.wp19.axome.cc\/wp-content\/uploads\/2025\/06\/A-ADRANO7-GRIS-web.jpg","contentUrl":"https:\/\/dev.invicta.wp19.axome.cc\/wp-content\/uploads\/2025\/06\/A-ADRANO7-GRIS-web.jpg","width":687,"height":1000,"caption":"Po\u00eale \u00e0 granul\u00e9s Adrano 7 gris"},{"@type":"BreadcrumbList","@id":"https:\/\/dev.invicta.wp19.axome.cc\/pt\/produit\/salamandra-a-pellets-adrano-7-cinzento\/#breadcrumb","itemListElement":[{"@type":"ListItem","position":1,"name":"Home","item":"https:\/\/dev.invicta.wp19.axome.cc\/pt\/"},{"@type":"ListItem","position":2,"name":"Produtos","item":"https:\/\/dev.invicta.wp19.axome.cc\/pt\/shop\/"},{"@type":"ListItem","position":3,"name":"Salamandras a pellets","item":"https:\/\/dev.invicta.wp19.axome.cc\/pt\/categorie-produit\/fogoes-a-pellets\/"},{"@type":"ListItem","position":4,"name":"Salamandras a pellets","item":"https:\/\/dev.invicta.wp19.axome.cc\/pt\/categorie-produit\/fogoes-a-pellets\/salamandras-a-pellets\/"},{"@type":"ListItem","position":5,"name":"Salamandra a pellets Adrano 7 cinzento"}]},{"@type":"WebSite","@id":"https:\/\/dev.invicta.wp19.axome.cc\/pt\/#website","url":"https:\/\/dev.invicta.wp19.axome.cc\/pt\/","name":"Invicta","description":"Fabricant fran\u00e7ais, sp\u00e9cialiste europ\u00e9en du chauffage au bois : po\u00eales \u00e0 bois et \u00e0 granul\u00e9s, chemin\u00e9es, foyers et inserts","publisher":{"@id":"https:\/\/dev.invicta.wp19.axome.cc\/pt\/#organization"},"potentialAction":[{"@type":"SearchAction","target":{"@type":"EntryPoint","urlTemplate":"https:\/\/dev.invicta.wp19.axome.cc\/pt\/?s={search_term_string}"},"query-input":{"@type":"PropertyValueSpecification","valueRequired":true,"valueName":"search_term_string"}}],"inLanguage":"pt-PT"},{"@type":"Organization","@id":"https:\/\/dev.invicta.wp19.axome.cc\/pt\/#organization","name":"Invicta","url":"https:\/\/dev.invicta.wp19.axome.cc\/pt\/","logo":{"@type":"ImageObject","inLanguage":"pt-PT","@id":"https:\/\/dev.invicta.wp19.axome.cc\/pt\/#\/schema\/logo\/image\/","url":"https:\/\/www.invicta.fr\/wp-content\/uploads\/2019\/06\/INVICTALOGO_RVB.png","contentUrl":"https:\/\/www.invicta.fr\/wp-content\/uploads\/2019\/06\/INVICTALOGO_RVB.png","width":1810,"height":1280,"caption":"Invicta"},"image":{"@id":"https:\/\/dev.invicta.wp19.axome.cc\/pt\/#\/schema\/logo\/image\/"}}]}},"_links":{"self":[{"href":"https:\/\/dev.invicta.wp19.axome.cc\/pt\/wp-json\/wp\/v2\/product\/69797","targetHints":{"allow":["GET"]}}],"collection":[{"href":"https:\/\/dev.invicta.wp19.axome.cc\/pt\/wp-json\/wp\/v2\/product"}],"about":[{"href":"https:\/\/dev.invicta.wp19.axome.cc\/pt\/wp-json\/wp\/v2\/types\/product"}],"wp:featuredmedia":[{"embeddable":true,"href":"https:\/\/dev.invicta.wp19.axome.cc\/pt\/wp-json\/wp\/v2\/media\/68630"}],"wp:attachment":[{"href":"https:\/\/dev.invicta.wp19.axome.cc\/pt\/wp-json\/wp\/v2\/media?parent=69797"}],"wp:term":[{"taxonomy":"product_brand","embeddable":true,"href":"https:\/\/dev.invicta.wp19.axome.cc\/pt\/wp-json\/wp\/v2\/product_brand?post=69797"},{"taxonomy":"product_cat","embeddable":true,"href":"https:\/\/dev.invicta.wp19.axome.cc\/pt\/wp-json\/wp\/v2\/product_cat?post=69797"},{"taxonomy":"product_tag","embeddable":true,"href":"https:\/\/dev.invicta.wp19.axome.cc\/pt\/wp-json\/wp\/v2\/product_tag?post=69797"},{"taxonomy":"plus_produit","embeddable":true,"href":"https:\/\/dev.invicta.wp19.axome.cc\/pt\/wp-json\/wp\/v2\/plus_produit?post=69797"}],"curies":[{"name":"wp","href":"https:\/\/api.w.org\/{rel}","templated":true}]}}