{"id":69807,"date":"2025-11-26T08:14:36","date_gmt":"2025-11-26T12:46:00","guid":{"rendered":"https:\/\/dev.invicta.wp19.axome.cc\/produit\/ove-plug-in-auto-direita-salamandra-a-pellets\/"},"modified":"2025-11-26T14:46:01","modified_gmt":"2025-11-26T13:46:01","slug":"ove-plug-in-auto-direita-salamandra-a-pellets","status":"publish","type":"product","link":"https:\/\/dev.invicta.wp19.axome.cc\/pt\/produit\/ove-plug-in-auto-direita-salamandra-a-pellets\/","title":{"rendered":"Ove Plug-IN AUTO Direita &#8211; Salamandra a pellets"},"content":{"rendered":"<p><iframe title=\"PLUGIN 2018 - Invicta\" width=\"500\" height=\"281\" src=\"https:\/\/www.youtube.com\/embed\/6SvXiUP1vkc?feature=oembed\" frameborder=\"0\" allow=\"accelerometer; autoplay; clipboard-write; encrypted-media; gyroscope; picture-in-picture; web-share\" referrerpolicy=\"strict-origin-when-cross-origin\" allowfullscreen><\/iframe><\/p>\n","protected":false},"excerpt":{"rendered":"<p>Conceito inovador de salamandra a pellets, a Ove Plug-IN AUTO \u00e9 uma aut\u00eantica obra para deleite dos sentidos. A vis\u00e3o de uma est\u00e9tica incr\u00edvel. A audi\u00e7\u00e3o com um funcionamento silencioso. E o sentido pr\u00e1tico de um reservat\u00f3rio de 21 kg e muitas possibilidades de programa\u00e7\u00e3o.<\/p>\n","protected":false},"featured_media":68699,"template":"","meta":{"_acf_changed":false},"product_brand":[],"product_cat":[3105,4930,4769,6367,6038,6035,6034,6040,6037,6407,6036],"product_tag":[4770,3311,3310,4434,4771,6369,4593,4513,6828],"plus_produit":[4039,3872,3883,6840,6366,4069,4043,4042,4040,4073],"class_list":{"1":"product","4":"has-post-thumbnail","6":"product_cat-ajuda-na-selecao","7":"product_cat-fogoes-a-pellets","8":"product_cat-plug-in-salamandras-a-pellets-de-nova-geracao-fogoes-a-pellets","9":"product_cat-7-kw-fogoes-a-pellets","10":"product_cat-fogoes-autonomos-a-pellets","11":"product_cat-fogoes-a-pellets-programaveis","12":"product_cat-fogoes-a-pellets-de-design","13":"product_cat-fogoes-a-pellets-contemporaneos","14":"product_cat-fogoes-modernos-a-pellets","15":"product_cat-fogoes-de-pellets-redondos","16":"product_cat-fogoes-a-pellets-de-saida-superior","17":"product_tag-plug-in-pt","18":"product_tag-flamme-verte-7-pt","19":"product_tag-eco-design-2022-es-pt","20":"product_tag-a-ecolabel-pt","21":"product_tag-full-auto-pt","22":"product_tag-opcao-wifi-c02270","23":"product_tag-silenciosa-conveccao-natural","24":"product_tag-garantia-de-3-anos-pt","25":"product_tag-y-garantie-extension-1-an-portugais","26":"pa_autonomie-maximum-30-horas","27":"pa_autonomie-minimum-11-horas-pt","28":"pa_capacite-de-la-tremie-21-pt","29":"pa_depart-des-fumees-parte-superior-pt","30":"pa_indice-de-performance-120-pt","31":"pa_surface-de-chauffe-25-100-pt","32":"pa_taux-de-co-0-0078-3","33":"pa_volume-de-chauffe-65-250-pt","34":"plus_produit-acendimento-e-extincao-automaticos-pt","35":"plus_produit-aparelho-silencioso-conveccao-natural-pt","36":"plus_produit-ar-secundario-ajustavel-pt","37":"plus_produit-extension-de-garantie-1-an-por","38":"plus_produit-kit-wi-fi-opcional","39":"plus_produit-modulo-tecnico-mural-inovador-pt","40":"plus_produit-possibilidade-de-pilotagem-por-termostato-externo-pt","41":"plus_produit-programacao-cronometro-termostato-pt","42":"plus_produit-regulacao-da-velocidade-ou-da-temperatura-ambiente-pt","43":"plus_produit-stand-by-espera-pt","45":"first","46":"instock","47":"purchasable","48":"product-type-simple"},"acf":[],"yoast_head":"<!-- This site is optimized with the Yoast SEO plugin v24.7 - https:\/\/yoast.com\/wordpress\/plugins\/seo\/ -->\n<title>Ove Plug-IN AUTO Direita - Salamandra a pellets - Invicta<\/title>\n<meta name=\"description\" content=\"Conceito inovador de salamandra a pellets, a Ove Plug-IN AUTO \u00e9 uma aut\u00eantica obra para deleite dos sentidos. A vis\u00e3o de uma est\u00e9tica incr\u00edvel. A audi\u00e7\u00e3o com um funcionamento silencioso. E o sentido pr\u00e1tico de um reservat\u00f3rio de 21 kg e muitas possibilidades de programa\u00e7\u00e3o.\" \/>\n<meta name=\"robots\" content=\"index, follow, max-snippet:-1, max-image-preview:large, max-video-preview:-1\" \/>\n<link rel=\"canonical\" href=\"https:\/\/dev.invicta.wp19.axome.cc\/pt\/produit\/ove-plug-in-auto-direita-salamandra-a-pellets\/\" \/>\n<meta property=\"og:locale\" content=\"pt_PT\" \/>\n<meta property=\"og:type\" content=\"article\" \/>\n<meta property=\"og:title\" content=\"Ove Plug-IN AUTO Direita - Salamandra a pellets - Invicta\" \/>\n<meta property=\"og:description\" content=\"Conceito inovador de salamandra a pellets, a Ove Plug-IN AUTO \u00e9 uma aut\u00eantica obra para deleite dos sentidos. A vis\u00e3o de uma est\u00e9tica incr\u00edvel. A audi\u00e7\u00e3o com um funcionamento silencioso. E o sentido pr\u00e1tico de um reservat\u00f3rio de 21 kg e muitas possibilidades de programa\u00e7\u00e3o.\" \/>\n<meta property=\"og:url\" content=\"https:\/\/dev.invicta.wp19.axome.cc\/pt\/produit\/ove-plug-in-auto-direita-salamandra-a-pellets\/\" \/>\n<meta property=\"og:site_name\" content=\"Invicta\" \/>\n<meta property=\"article:modified_time\" content=\"2025-11-26T13:46:01+00:00\" \/>\n<meta property=\"og:image\" content=\"https:\/\/dev.invicta.wp19.axome.cc\/wp-content\/uploads\/2025\/06\/ove_auto.jpg\" \/>\n\t<meta property=\"og:image:width\" content=\"1500\" \/>\n\t<meta property=\"og:image:height\" content=\"1068\" \/>\n\t<meta property=\"og:image:type\" content=\"image\/jpeg\" \/>\n<meta name=\"twitter:card\" content=\"summary_large_image\" \/>\n<script type=\"application\/ld+json\" class=\"yoast-schema-graph\">{\"@context\":\"https:\/\/schema.org\",\"@graph\":[{\"@type\":\"WebPage\",\"@id\":\"https:\/\/dev.invicta.wp19.axome.cc\/pt\/produit\/ove-plug-in-auto-direita-salamandra-a-pellets\/\",\"url\":\"https:\/\/dev.invicta.wp19.axome.cc\/pt\/produit\/ove-plug-in-auto-direita-salamandra-a-pellets\/\",\"name\":\"Ove Plug-IN AUTO Direita - Salamandra a pellets - Invicta\",\"isPartOf\":{\"@id\":\"https:\/\/dev.invicta.wp19.axome.cc\/pt\/#website\"},\"primaryImageOfPage\":{\"@id\":\"https:\/\/dev.invicta.wp19.axome.cc\/pt\/produit\/ove-plug-in-auto-direita-salamandra-a-pellets\/#primaryimage\"},\"image\":{\"@id\":\"https:\/\/dev.invicta.wp19.axome.cc\/pt\/produit\/ove-plug-in-auto-direita-salamandra-a-pellets\/#primaryimage\"},\"thumbnailUrl\":\"https:\/\/dev.invicta.wp19.axome.cc\/wp-content\/uploads\/2025\/06\/ove_auto.jpg\",\"datePublished\":\"2025-11-26T12:46:00+00:00\",\"dateModified\":\"2025-11-26T13:46:01+00:00\",\"description\":\"Conceito inovador de salamandra a pellets, a Ove Plug-IN AUTO \u00e9 uma aut\u00eantica obra para deleite dos sentidos. A vis\u00e3o de uma est\u00e9tica incr\u00edvel. A audi\u00e7\u00e3o com um funcionamento silencioso. E o sentido pr\u00e1tico de um reservat\u00f3rio de 21 kg e muitas possibilidades de programa\u00e7\u00e3o.\",\"breadcrumb\":{\"@id\":\"https:\/\/dev.invicta.wp19.axome.cc\/pt\/produit\/ove-plug-in-auto-direita-salamandra-a-pellets\/#breadcrumb\"},\"inLanguage\":\"pt-PT\",\"potentialAction\":[{\"@type\":\"ReadAction\",\"target\":[\"https:\/\/dev.invicta.wp19.axome.cc\/pt\/produit\/ove-plug-in-auto-direita-salamandra-a-pellets\/\"]}]},{\"@type\":\"ImageObject\",\"inLanguage\":\"pt-PT\",\"@id\":\"https:\/\/dev.invicta.wp19.axome.cc\/pt\/produit\/ove-plug-in-auto-direita-salamandra-a-pellets\/#primaryimage\",\"url\":\"https:\/\/dev.invicta.wp19.axome.cc\/wp-content\/uploads\/2025\/06\/ove_auto.jpg\",\"contentUrl\":\"https:\/\/dev.invicta.wp19.axome.cc\/wp-content\/uploads\/2025\/06\/ove_auto.jpg\",\"width\":1500,\"height\":1068},{\"@type\":\"BreadcrumbList\",\"@id\":\"https:\/\/dev.invicta.wp19.axome.cc\/pt\/produit\/ove-plug-in-auto-direita-salamandra-a-pellets\/#breadcrumb\",\"itemListElement\":[{\"@type\":\"ListItem\",\"position\":1,\"name\":\"Home\",\"item\":\"https:\/\/dev.invicta.wp19.axome.cc\/pt\/\"},{\"@type\":\"ListItem\",\"position\":2,\"name\":\"Produtos\",\"item\":\"https:\/\/dev.invicta.wp19.axome.cc\/pt\/shop\/\"},{\"@type\":\"ListItem\",\"position\":3,\"name\":\"Salamandras a pellets\",\"item\":\"https:\/\/dev.invicta.wp19.axome.cc\/pt\/categorie-produit\/fogoes-a-pellets\/\"},{\"@type\":\"ListItem\",\"position\":4,\"name\":\"Plug-in, design e inova\u00e7\u00e3o\",\"item\":\"https:\/\/dev.invicta.wp19.axome.cc\/pt\/categorie-produit\/fogoes-a-pellets\/plug-in-salamandras-a-pellets-de-nova-geracao-fogoes-a-pellets\/\"},{\"@type\":\"ListItem\",\"position\":5,\"name\":\"Ove Plug-IN AUTO Direita &#8211; Salamandra a pellets\"}]},{\"@type\":\"WebSite\",\"@id\":\"https:\/\/dev.invicta.wp19.axome.cc\/pt\/#website\",\"url\":\"https:\/\/dev.invicta.wp19.axome.cc\/pt\/\",\"name\":\"Invicta\",\"description\":\"Fabricant fran\u00e7ais, sp\u00e9cialiste europ\u00e9en du chauffage au bois : po\u00eales \u00e0 bois et \u00e0 granul\u00e9s, chemin\u00e9es, foyers et inserts\",\"publisher\":{\"@id\":\"https:\/\/dev.invicta.wp19.axome.cc\/pt\/#organization\"},\"potentialAction\":[{\"@type\":\"SearchAction\",\"target\":{\"@type\":\"EntryPoint\",\"urlTemplate\":\"https:\/\/dev.invicta.wp19.axome.cc\/pt\/?s={search_term_string}\"},\"query-input\":{\"@type\":\"PropertyValueSpecification\",\"valueRequired\":true,\"valueName\":\"search_term_string\"}}],\"inLanguage\":\"pt-PT\"},{\"@type\":\"Organization\",\"@id\":\"https:\/\/dev.invicta.wp19.axome.cc\/pt\/#organization\",\"name\":\"Invicta\",\"url\":\"https:\/\/dev.invicta.wp19.axome.cc\/pt\/\",\"logo\":{\"@type\":\"ImageObject\",\"inLanguage\":\"pt-PT\",\"@id\":\"https:\/\/dev.invicta.wp19.axome.cc\/pt\/#\/schema\/logo\/image\/\",\"url\":\"https:\/\/www.invicta.fr\/wp-content\/uploads\/2019\/06\/INVICTALOGO_RVB.png\",\"contentUrl\":\"https:\/\/www.invicta.fr\/wp-content\/uploads\/2019\/06\/INVICTALOGO_RVB.png\",\"width\":1810,\"height\":1280,\"caption\":\"Invicta\"},\"image\":{\"@id\":\"https:\/\/dev.invicta.wp19.axome.cc\/pt\/#\/schema\/logo\/image\/\"}}]}<\/script>\n<!-- \/ Yoast SEO plugin. -->","yoast_head_json":{"title":"Ove Plug-IN AUTO Direita - Salamandra a pellets - Invicta","description":"Conceito inovador de salamandra a pellets, a Ove Plug-IN AUTO \u00e9 uma aut\u00eantica obra para deleite dos sentidos. A vis\u00e3o de uma est\u00e9tica incr\u00edvel. A audi\u00e7\u00e3o com um funcionamento silencioso. E o sentido pr\u00e1tico de um reservat\u00f3rio de 21 kg e muitas possibilidades de programa\u00e7\u00e3o.","robots":{"index":"index","follow":"follow","max-snippet":"max-snippet:-1","max-image-preview":"max-image-preview:large","max-video-preview":"max-video-preview:-1"},"canonical":"https:\/\/dev.invicta.wp19.axome.cc\/pt\/produit\/ove-plug-in-auto-direita-salamandra-a-pellets\/","og_locale":"pt_PT","og_type":"article","og_title":"Ove Plug-IN AUTO Direita - Salamandra a pellets - Invicta","og_description":"Conceito inovador de salamandra a pellets, a Ove Plug-IN AUTO \u00e9 uma aut\u00eantica obra para deleite dos sentidos. A vis\u00e3o de uma est\u00e9tica incr\u00edvel. A audi\u00e7\u00e3o com um funcionamento silencioso. E o sentido pr\u00e1tico de um reservat\u00f3rio de 21 kg e muitas possibilidades de programa\u00e7\u00e3o.","og_url":"https:\/\/dev.invicta.wp19.axome.cc\/pt\/produit\/ove-plug-in-auto-direita-salamandra-a-pellets\/","og_site_name":"Invicta","article_modified_time":"2025-11-26T13:46:01+00:00","og_image":[{"width":1500,"height":1068,"url":"https:\/\/dev.invicta.wp19.axome.cc\/wp-content\/uploads\/2025\/06\/ove_auto.jpg","type":"image\/jpeg"}],"twitter_card":"summary_large_image","schema":{"@context":"https:\/\/schema.org","@graph":[{"@type":"WebPage","@id":"https:\/\/dev.invicta.wp19.axome.cc\/pt\/produit\/ove-plug-in-auto-direita-salamandra-a-pellets\/","url":"https:\/\/dev.invicta.wp19.axome.cc\/pt\/produit\/ove-plug-in-auto-direita-salamandra-a-pellets\/","name":"Ove Plug-IN AUTO Direita - Salamandra a pellets - Invicta","isPartOf":{"@id":"https:\/\/dev.invicta.wp19.axome.cc\/pt\/#website"},"primaryImageOfPage":{"@id":"https:\/\/dev.invicta.wp19.axome.cc\/pt\/produit\/ove-plug-in-auto-direita-salamandra-a-pellets\/#primaryimage"},"image":{"@id":"https:\/\/dev.invicta.wp19.axome.cc\/pt\/produit\/ove-plug-in-auto-direita-salamandra-a-pellets\/#primaryimage"},"thumbnailUrl":"https:\/\/dev.invicta.wp19.axome.cc\/wp-content\/uploads\/2025\/06\/ove_auto.jpg","datePublished":"2025-11-26T12:46:00+00:00","dateModified":"2025-11-26T13:46:01+00:00","description":"Conceito inovador de salamandra a pellets, a Ove Plug-IN AUTO \u00e9 uma aut\u00eantica obra para deleite dos sentidos. A vis\u00e3o de uma est\u00e9tica incr\u00edvel. A audi\u00e7\u00e3o com um funcionamento silencioso. E o sentido pr\u00e1tico de um reservat\u00f3rio de 21 kg e muitas possibilidades de programa\u00e7\u00e3o.","breadcrumb":{"@id":"https:\/\/dev.invicta.wp19.axome.cc\/pt\/produit\/ove-plug-in-auto-direita-salamandra-a-pellets\/#breadcrumb"},"inLanguage":"pt-PT","potentialAction":[{"@type":"ReadAction","target":["https:\/\/dev.invicta.wp19.axome.cc\/pt\/produit\/ove-plug-in-auto-direita-salamandra-a-pellets\/"]}]},{"@type":"ImageObject","inLanguage":"pt-PT","@id":"https:\/\/dev.invicta.wp19.axome.cc\/pt\/produit\/ove-plug-in-auto-direita-salamandra-a-pellets\/#primaryimage","url":"https:\/\/dev.invicta.wp19.axome.cc\/wp-content\/uploads\/2025\/06\/ove_auto.jpg","contentUrl":"https:\/\/dev.invicta.wp19.axome.cc\/wp-content\/uploads\/2025\/06\/ove_auto.jpg","width":1500,"height":1068},{"@type":"BreadcrumbList","@id":"https:\/\/dev.invicta.wp19.axome.cc\/pt\/produit\/ove-plug-in-auto-direita-salamandra-a-pellets\/#breadcrumb","itemListElement":[{"@type":"ListItem","position":1,"name":"Home","item":"https:\/\/dev.invicta.wp19.axome.cc\/pt\/"},{"@type":"ListItem","position":2,"name":"Produtos","item":"https:\/\/dev.invicta.wp19.axome.cc\/pt\/shop\/"},{"@type":"ListItem","position":3,"name":"Salamandras a pellets","item":"https:\/\/dev.invicta.wp19.axome.cc\/pt\/categorie-produit\/fogoes-a-pellets\/"},{"@type":"ListItem","position":4,"name":"Plug-in, design e inova\u00e7\u00e3o","item":"https:\/\/dev.invicta.wp19.axome.cc\/pt\/categorie-produit\/fogoes-a-pellets\/plug-in-salamandras-a-pellets-de-nova-geracao-fogoes-a-pellets\/"},{"@type":"ListItem","position":5,"name":"Ove Plug-IN AUTO Direita &#8211; Salamandra a pellets"}]},{"@type":"WebSite","@id":"https:\/\/dev.invicta.wp19.axome.cc\/pt\/#website","url":"https:\/\/dev.invicta.wp19.axome.cc\/pt\/","name":"Invicta","description":"Fabricant fran\u00e7ais, sp\u00e9cialiste europ\u00e9en du chauffage au bois : po\u00eales \u00e0 bois et \u00e0 granul\u00e9s, chemin\u00e9es, foyers et inserts","publisher":{"@id":"https:\/\/dev.invicta.wp19.axome.cc\/pt\/#organization"},"potentialAction":[{"@type":"SearchAction","target":{"@type":"EntryPoint","urlTemplate":"https:\/\/dev.invicta.wp19.axome.cc\/pt\/?s={search_term_string}"},"query-input":{"@type":"PropertyValueSpecification","valueRequired":true,"valueName":"search_term_string"}}],"inLanguage":"pt-PT"},{"@type":"Organization","@id":"https:\/\/dev.invicta.wp19.axome.cc\/pt\/#organization","name":"Invicta","url":"https:\/\/dev.invicta.wp19.axome.cc\/pt\/","logo":{"@type":"ImageObject","inLanguage":"pt-PT","@id":"https:\/\/dev.invicta.wp19.axome.cc\/pt\/#\/schema\/logo\/image\/","url":"https:\/\/www.invicta.fr\/wp-content\/uploads\/2019\/06\/INVICTALOGO_RVB.png","contentUrl":"https:\/\/www.invicta.fr\/wp-content\/uploads\/2019\/06\/INVICTALOGO_RVB.png","width":1810,"height":1280,"caption":"Invicta"},"image":{"@id":"https:\/\/dev.invicta.wp19.axome.cc\/pt\/#\/schema\/logo\/image\/"}}]}},"_links":{"self":[{"href":"https:\/\/dev.invicta.wp19.axome.cc\/pt\/wp-json\/wp\/v2\/product\/69807","targetHints":{"allow":["GET"]}}],"collection":[{"href":"https:\/\/dev.invicta.wp19.axome.cc\/pt\/wp-json\/wp\/v2\/product"}],"about":[{"href":"https:\/\/dev.invicta.wp19.axome.cc\/pt\/wp-json\/wp\/v2\/types\/product"}],"wp:featuredmedia":[{"embeddable":true,"href":"https:\/\/dev.invicta.wp19.axome.cc\/pt\/wp-json\/wp\/v2\/media\/68699"}],"wp:attachment":[{"href":"https:\/\/dev.invicta.wp19.axome.cc\/pt\/wp-json\/wp\/v2\/media?parent=69807"}],"wp:term":[{"taxonomy":"product_brand","embeddable":true,"href":"https:\/\/dev.invicta.wp19.axome.cc\/pt\/wp-json\/wp\/v2\/product_brand?post=69807"},{"taxonomy":"product_cat","embeddable":true,"href":"https:\/\/dev.invicta.wp19.axome.cc\/pt\/wp-json\/wp\/v2\/product_cat?post=69807"},{"taxonomy":"product_tag","embeddable":true,"href":"https:\/\/dev.invicta.wp19.axome.cc\/pt\/wp-json\/wp\/v2\/product_tag?post=69807"},{"taxonomy":"plus_produit","embeddable":true,"href":"https:\/\/dev.invicta.wp19.axome.cc\/pt\/wp-json\/wp\/v2\/plus_produit?post=69807"}],"curies":[{"name":"wp","href":"https:\/\/api.w.org\/{rel}","templated":true}]}}