{"id":69842,"date":"2025-11-26T08:13:14","date_gmt":"2025-06-09T16:13:29","guid":{"rendered":"https:\/\/dev.invicta.wp19.axome.cc\/produit\/salamandra-a-pellets-estanque-lodi-8-5\/"},"modified":"2025-06-09T18:13:30","modified_gmt":"2025-06-09T16:13:30","slug":"salamandra-a-pellets-estanque-lodi-8-5","status":"publish","type":"product","link":"https:\/\/dev.invicta.wp19.axome.cc\/pt\/produit\/salamandra-a-pellets-estanque-lodi-8-5\/","title":{"rendered":"Salamandra a pellets estanque Lodi 8"},"content":{"rendered":"<p>Com as suas linhas redondas e o seu estilo suavizado, a Lodi 8 estanque difunde calor e bem-estar no seu alojamento.<\/p>\n","protected":false},"excerpt":{"rendered":"<p>Com as suas linhas redondas e o seu estilo suavizado, a Lodi 8 estanque difunde calor e bem-estar no seu alojamento.<\/p>\n","protected":false},"featured_media":0,"template":"","meta":{"_acf_changed":false},"product_brand":[],"product_cat":[3105,4930,4932,6039,6038,6035,6040,6037,6593,6407,6657,6655],"product_tag":[4434,6659,4513],"plus_produit":[3871,3208,4072,6366,3209,4043,4051,4040,3864],"class_list":{"1":"product","5":"product_cat-ajuda-na-selecao","6":"product_cat-fogoes-a-pellets","7":"product_cat-salamandras-estanques-a-pellets","8":"product_cat-8-kw-fogoes-a-pellets","9":"product_cat-fogoes-autonomos-a-pellets","10":"product_cat-fogoes-a-pellets-programaveis","11":"product_cat-fogoes-a-pellets-contemporaneos","12":"product_cat-fogoes-modernos-a-pellets","13":"product_cat-fogoes-a-pellets-brancos","14":"product_cat-fogoes-de-pellets-redondos","15":"product_cat-tomada-de-parede-para-fogoes-a-pellets","16":"product_cat-fogoes-a-pellets-com-saida-de-aspiracao","17":"product_tag-a-ecolabel-pt","18":"product_tag-zona-3-ventosa-pt","19":"product_tag-garantia-de-3-anos-pt","20":"pa_capacite-de-la-tremie-165-kg-pt","21":"pa_consommation-053-a-222-kg-hora","22":"pa_surface-de-chauffe-25-100-pt","23":"pa_volume-de-chauffe-100-210-m-pt","24":"plus_produit-aparelho-estanque-compativel-rt2012-pt","25":"plus_produit-instalacao-possivel-em-fachada-zona-3-ventosa","26":"plus_produit-kit-controlo-de-combustao-kcc-pt","27":"plus_produit-kit-wi-fi-opcional","28":"plus_produit-parecer-tecnico-cstb-no14-2-15-2130v5","29":"plus_produit-possibilidade-de-pilotagem-por-termostato-externo-pt","30":"plus_produit-programacao-horaria-pt","31":"plus_produit-regulacao-da-velocidade-ou-da-temperatura-ambiente-pt","32":"plus_produit-saida-de-ar-quente-por-ventilador-pt","34":"first","35":"instock","36":"purchasable","37":"product-type-simple"},"acf":[],"yoast_head":"<!-- This site is optimized with the Yoast SEO plugin v24.7 - https:\/\/yoast.com\/wordpress\/plugins\/seo\/ -->\n<title>Salamandra a pellets estanque Lodi 8 - Invicta<\/title>\n<meta name=\"description\" content=\"Com as suas linhas redondas e o seu estilo suavizado, a Lodi 8 estanque difunde calor e bem-estar no seu alojamento.\" \/>\n<meta name=\"robots\" content=\"index, follow, max-snippet:-1, max-image-preview:large, max-video-preview:-1\" \/>\n<link rel=\"canonical\" href=\"https:\/\/dev.invicta.wp19.axome.cc\/pt\/produit\/salamandra-a-pellets-estanque-lodi-8-5\/\" \/>\n<meta property=\"og:locale\" content=\"pt_PT\" \/>\n<meta property=\"og:type\" content=\"article\" \/>\n<meta property=\"og:title\" content=\"Salamandra a pellets estanque Lodi 8 - Invicta\" \/>\n<meta property=\"og:description\" content=\"Com as suas linhas redondas e o seu estilo suavizado, a Lodi 8 estanque difunde calor e bem-estar no seu alojamento.\" \/>\n<meta property=\"og:url\" content=\"https:\/\/dev.invicta.wp19.axome.cc\/pt\/produit\/salamandra-a-pellets-estanque-lodi-8-5\/\" \/>\n<meta property=\"og:site_name\" content=\"Invicta\" \/>\n<meta property=\"article:modified_time\" content=\"2025-06-09T16:13:30+00:00\" \/>\n<meta name=\"twitter:card\" content=\"summary_large_image\" \/>\n<script type=\"application\/ld+json\" class=\"yoast-schema-graph\">{\"@context\":\"https:\/\/schema.org\",\"@graph\":[{\"@type\":\"WebPage\",\"@id\":\"https:\/\/dev.invicta.wp19.axome.cc\/pt\/produit\/salamandra-a-pellets-estanque-lodi-8-5\/\",\"url\":\"https:\/\/dev.invicta.wp19.axome.cc\/pt\/produit\/salamandra-a-pellets-estanque-lodi-8-5\/\",\"name\":\"Salamandra a pellets estanque Lodi 8 - Invicta\",\"isPartOf\":{\"@id\":\"https:\/\/dev.invicta.wp19.axome.cc\/pt\/#website\"},\"datePublished\":\"2025-06-09T16:13:29+00:00\",\"dateModified\":\"2025-06-09T16:13:30+00:00\",\"description\":\"Com as suas linhas redondas e o seu estilo suavizado, a Lodi 8 estanque difunde calor e bem-estar no seu alojamento.\",\"breadcrumb\":{\"@id\":\"https:\/\/dev.invicta.wp19.axome.cc\/pt\/produit\/salamandra-a-pellets-estanque-lodi-8-5\/#breadcrumb\"},\"inLanguage\":\"pt-PT\",\"potentialAction\":[{\"@type\":\"ReadAction\",\"target\":[\"https:\/\/dev.invicta.wp19.axome.cc\/pt\/produit\/salamandra-a-pellets-estanque-lodi-8-5\/\"]}]},{\"@type\":\"BreadcrumbList\",\"@id\":\"https:\/\/dev.invicta.wp19.axome.cc\/pt\/produit\/salamandra-a-pellets-estanque-lodi-8-5\/#breadcrumb\",\"itemListElement\":[{\"@type\":\"ListItem\",\"position\":1,\"name\":\"Home\",\"item\":\"https:\/\/dev.invicta.wp19.axome.cc\/pt\/\"},{\"@type\":\"ListItem\",\"position\":2,\"name\":\"Produtos\",\"item\":\"https:\/\/dev.invicta.wp19.axome.cc\/pt\/shop\/\"},{\"@type\":\"ListItem\",\"position\":3,\"name\":\"Salamandra a pellets estanque Lodi 8\"}]},{\"@type\":\"WebSite\",\"@id\":\"https:\/\/dev.invicta.wp19.axome.cc\/pt\/#website\",\"url\":\"https:\/\/dev.invicta.wp19.axome.cc\/pt\/\",\"name\":\"Invicta\",\"description\":\"Fabricant fran\u00e7ais, sp\u00e9cialiste europ\u00e9en du chauffage au bois : po\u00eales \u00e0 bois et \u00e0 granul\u00e9s, chemin\u00e9es, foyers et inserts\",\"publisher\":{\"@id\":\"https:\/\/dev.invicta.wp19.axome.cc\/pt\/#organization\"},\"potentialAction\":[{\"@type\":\"SearchAction\",\"target\":{\"@type\":\"EntryPoint\",\"urlTemplate\":\"https:\/\/dev.invicta.wp19.axome.cc\/pt\/?s={search_term_string}\"},\"query-input\":{\"@type\":\"PropertyValueSpecification\",\"valueRequired\":true,\"valueName\":\"search_term_string\"}}],\"inLanguage\":\"pt-PT\"},{\"@type\":\"Organization\",\"@id\":\"https:\/\/dev.invicta.wp19.axome.cc\/pt\/#organization\",\"name\":\"Invicta\",\"url\":\"https:\/\/dev.invicta.wp19.axome.cc\/pt\/\",\"logo\":{\"@type\":\"ImageObject\",\"inLanguage\":\"pt-PT\",\"@id\":\"https:\/\/dev.invicta.wp19.axome.cc\/pt\/#\/schema\/logo\/image\/\",\"url\":\"https:\/\/www.invicta.fr\/wp-content\/uploads\/2019\/06\/INVICTALOGO_RVB.png\",\"contentUrl\":\"https:\/\/www.invicta.fr\/wp-content\/uploads\/2019\/06\/INVICTALOGO_RVB.png\",\"width\":1810,\"height\":1280,\"caption\":\"Invicta\"},\"image\":{\"@id\":\"https:\/\/dev.invicta.wp19.axome.cc\/pt\/#\/schema\/logo\/image\/\"}}]}<\/script>\n<!-- \/ Yoast SEO plugin. -->","yoast_head_json":{"title":"Salamandra a pellets estanque Lodi 8 - Invicta","description":"Com as suas linhas redondas e o seu estilo suavizado, a Lodi 8 estanque difunde calor e bem-estar no seu alojamento.","robots":{"index":"index","follow":"follow","max-snippet":"max-snippet:-1","max-image-preview":"max-image-preview:large","max-video-preview":"max-video-preview:-1"},"canonical":"https:\/\/dev.invicta.wp19.axome.cc\/pt\/produit\/salamandra-a-pellets-estanque-lodi-8-5\/","og_locale":"pt_PT","og_type":"article","og_title":"Salamandra a pellets estanque Lodi 8 - Invicta","og_description":"Com as suas linhas redondas e o seu estilo suavizado, a Lodi 8 estanque difunde calor e bem-estar no seu alojamento.","og_url":"https:\/\/dev.invicta.wp19.axome.cc\/pt\/produit\/salamandra-a-pellets-estanque-lodi-8-5\/","og_site_name":"Invicta","article_modified_time":"2025-06-09T16:13:30+00:00","twitter_card":"summary_large_image","schema":{"@context":"https:\/\/schema.org","@graph":[{"@type":"WebPage","@id":"https:\/\/dev.invicta.wp19.axome.cc\/pt\/produit\/salamandra-a-pellets-estanque-lodi-8-5\/","url":"https:\/\/dev.invicta.wp19.axome.cc\/pt\/produit\/salamandra-a-pellets-estanque-lodi-8-5\/","name":"Salamandra a pellets estanque Lodi 8 - Invicta","isPartOf":{"@id":"https:\/\/dev.invicta.wp19.axome.cc\/pt\/#website"},"datePublished":"2025-06-09T16:13:29+00:00","dateModified":"2025-06-09T16:13:30+00:00","description":"Com as suas linhas redondas e o seu estilo suavizado, a Lodi 8 estanque difunde calor e bem-estar no seu alojamento.","breadcrumb":{"@id":"https:\/\/dev.invicta.wp19.axome.cc\/pt\/produit\/salamandra-a-pellets-estanque-lodi-8-5\/#breadcrumb"},"inLanguage":"pt-PT","potentialAction":[{"@type":"ReadAction","target":["https:\/\/dev.invicta.wp19.axome.cc\/pt\/produit\/salamandra-a-pellets-estanque-lodi-8-5\/"]}]},{"@type":"BreadcrumbList","@id":"https:\/\/dev.invicta.wp19.axome.cc\/pt\/produit\/salamandra-a-pellets-estanque-lodi-8-5\/#breadcrumb","itemListElement":[{"@type":"ListItem","position":1,"name":"Home","item":"https:\/\/dev.invicta.wp19.axome.cc\/pt\/"},{"@type":"ListItem","position":2,"name":"Produtos","item":"https:\/\/dev.invicta.wp19.axome.cc\/pt\/shop\/"},{"@type":"ListItem","position":3,"name":"Salamandra a pellets estanque Lodi 8"}]},{"@type":"WebSite","@id":"https:\/\/dev.invicta.wp19.axome.cc\/pt\/#website","url":"https:\/\/dev.invicta.wp19.axome.cc\/pt\/","name":"Invicta","description":"Fabricant fran\u00e7ais, sp\u00e9cialiste europ\u00e9en du chauffage au bois : po\u00eales \u00e0 bois et \u00e0 granul\u00e9s, chemin\u00e9es, foyers et inserts","publisher":{"@id":"https:\/\/dev.invicta.wp19.axome.cc\/pt\/#organization"},"potentialAction":[{"@type":"SearchAction","target":{"@type":"EntryPoint","urlTemplate":"https:\/\/dev.invicta.wp19.axome.cc\/pt\/?s={search_term_string}"},"query-input":{"@type":"PropertyValueSpecification","valueRequired":true,"valueName":"search_term_string"}}],"inLanguage":"pt-PT"},{"@type":"Organization","@id":"https:\/\/dev.invicta.wp19.axome.cc\/pt\/#organization","name":"Invicta","url":"https:\/\/dev.invicta.wp19.axome.cc\/pt\/","logo":{"@type":"ImageObject","inLanguage":"pt-PT","@id":"https:\/\/dev.invicta.wp19.axome.cc\/pt\/#\/schema\/logo\/image\/","url":"https:\/\/www.invicta.fr\/wp-content\/uploads\/2019\/06\/INVICTALOGO_RVB.png","contentUrl":"https:\/\/www.invicta.fr\/wp-content\/uploads\/2019\/06\/INVICTALOGO_RVB.png","width":1810,"height":1280,"caption":"Invicta"},"image":{"@id":"https:\/\/dev.invicta.wp19.axome.cc\/pt\/#\/schema\/logo\/image\/"}}]}},"_links":{"self":[{"href":"https:\/\/dev.invicta.wp19.axome.cc\/pt\/wp-json\/wp\/v2\/product\/69842","targetHints":{"allow":["GET"]}}],"collection":[{"href":"https:\/\/dev.invicta.wp19.axome.cc\/pt\/wp-json\/wp\/v2\/product"}],"about":[{"href":"https:\/\/dev.invicta.wp19.axome.cc\/pt\/wp-json\/wp\/v2\/types\/product"}],"wp:attachment":[{"href":"https:\/\/dev.invicta.wp19.axome.cc\/pt\/wp-json\/wp\/v2\/media?parent=69842"}],"wp:term":[{"taxonomy":"product_brand","embeddable":true,"href":"https:\/\/dev.invicta.wp19.axome.cc\/pt\/wp-json\/wp\/v2\/product_brand?post=69842"},{"taxonomy":"product_cat","embeddable":true,"href":"https:\/\/dev.invicta.wp19.axome.cc\/pt\/wp-json\/wp\/v2\/product_cat?post=69842"},{"taxonomy":"product_tag","embeddable":true,"href":"https:\/\/dev.invicta.wp19.axome.cc\/pt\/wp-json\/wp\/v2\/product_tag?post=69842"},{"taxonomy":"plus_produit","embeddable":true,"href":"https:\/\/dev.invicta.wp19.axome.cc\/pt\/wp-json\/wp\/v2\/plus_produit?post=69842"}],"curies":[{"name":"wp","href":"https:\/\/api.w.org\/{rel}","templated":true}]}}