{"id":69898,"date":"2025-11-26T08:16:05","date_gmt":"2025-11-26T12:47:26","guid":{"rendered":"https:\/\/dev.invicta.wp19.axome.cc\/produit\/salamandra-a-pellets-lodi-8-cinzenta-wifi-concentrico\/"},"modified":"2025-11-26T14:47:28","modified_gmt":"2025-11-26T13:47:28","slug":"salamandra-a-pellets-lodi-8-cinzenta-wifi-concentrico","status":"publish","type":"product","link":"https:\/\/dev.invicta.wp19.axome.cc\/pt\/produit\/salamandra-a-pellets-lodi-8-cinzenta-wifi-concentrico\/","title":{"rendered":"Salamandra a pellets Lodi 8 cinzenta &#8211; WiFi conc\u00eantrico"},"content":{"rendered":"","protected":false},"excerpt":{"rendered":"<p>A elegante salamandra a pellets imperme\u00e1vel Lodi 8 em cinzento d\u00e1 um toque de modernidade a qualquer interior, especialmente nas casas de baixo consumo energ\u00e9tico. A sa\u00edda de fumos conc\u00eantrica no topo simplifica a instala\u00e7\u00e3o na zona 2 ou 3 e optimiza o espa\u00e7o.<\/p>\n","protected":false},"featured_media":68637,"template":"","meta":{"_acf_changed":false},"product_brand":[],"product_cat":[3105,4930,4932,6039,6038,6035,6040,6037,6407,6036,6657,6655],"product_tag":[3310,4434,6961,6491,6659,4513,6828],"plus_produit":[3871,4085,6840,3208,4072,3209,4043,4051,4040,4073,6487],"class_list":{"1":"product","4":"has-post-thumbnail","6":"product_cat-ajuda-na-selecao","7":"product_cat-fogoes-a-pellets","8":"product_cat-salamandras-estanques-a-pellets","9":"product_cat-8-kw-fogoes-a-pellets","10":"product_cat-fogoes-autonomos-a-pellets","11":"product_cat-fogoes-a-pellets-programaveis","12":"product_cat-fogoes-a-pellets-contemporaneos","13":"product_cat-fogoes-modernos-a-pellets","14":"product_cat-fogoes-de-pellets-redondos","15":"product_cat-fogoes-a-pellets-de-saida-superior","16":"product_cat-tomada-de-parede-para-fogoes-a-pellets","17":"product_cat-fogoes-a-pellets-com-saida-de-aspiracao","18":"product_tag-eco-design-2022-es-pt","19":"product_tag-a-ecolabel-pt","20":"product_tag-novo","21":"product_tag-wifi-padrao","22":"product_tag-zona-3-ventosa-pt","23":"product_tag-garantia-de-3-anos-pt","24":"product_tag-y-garantie-extension-1-an-portugais","25":"pa_autonomie-maximum-16-pt","26":"pa_autonomie-minimum-7-horas-pt","27":"pa_consommation-0-86-1-88-3","28":"pa_depart-des-fumees-concentrique-4","29":"pa_surface-de-chauffe-30-a-100-m-pt","30":"pa_taux-de-co-0-0024-4","31":"pa_volume-de-chauffe-75-a-240-m-pt","32":"plus_produit-aparelho-estanque-compativel-rt2012-pt","33":"plus_produit-difusao-de-ar-quente-por-ventilacao-forcada-pt","34":"plus_produit-extension-de-garantie-1-an-por","35":"plus_produit-instalacao-possivel-em-fachada-zona-3-ventosa","36":"plus_produit-kit-controlo-de-combustao-kcc-pt","37":"plus_produit-parecer-tecnico-cstb-no14-2-15-2130v5","38":"plus_produit-possibilidade-de-pilotagem-por-termostato-externo-pt","39":"plus_produit-programacao-horaria-pt","40":"plus_produit-regulacao-da-velocidade-ou-da-temperatura-ambiente-pt","41":"plus_produit-stand-by-espera-pt","42":"plus_produit-wi-fi-integrado","44":"first","45":"instock","46":"purchasable","47":"product-type-simple"},"acf":[],"yoast_head":"<!-- This site is optimized with the Yoast SEO plugin v24.7 - https:\/\/yoast.com\/wordpress\/plugins\/seo\/ -->\n<title>Salamandra a pellets Lodi 8 cinzenta - WiFi conc\u00eantrico - Invicta<\/title>\n<meta name=\"description\" content=\"A elegante salamandra a pellets imperme\u00e1vel Lodi 8 em cinzento d\u00e1 um toque de modernidade a qualquer interior, especialmente nas casas de baixo consumo energ\u00e9tico. A sa\u00edda de fumos conc\u00eantrica no topo simplifica a instala\u00e7\u00e3o na zona 2 ou 3 e optimiza o espa\u00e7o.\" \/>\n<meta name=\"robots\" content=\"index, follow, max-snippet:-1, max-image-preview:large, max-video-preview:-1\" \/>\n<link rel=\"canonical\" href=\"https:\/\/dev.invicta.wp19.axome.cc\/pt\/produit\/salamandra-a-pellets-lodi-8-cinzenta-wifi-concentrico\/\" \/>\n<meta property=\"og:locale\" content=\"pt_PT\" \/>\n<meta property=\"og:type\" content=\"article\" \/>\n<meta property=\"og:title\" content=\"Salamandra a pellets Lodi 8 cinzenta - WiFi conc\u00eantrico - Invicta\" \/>\n<meta property=\"og:description\" content=\"A elegante salamandra a pellets imperme\u00e1vel Lodi 8 em cinzento d\u00e1 um toque de modernidade a qualquer interior, especialmente nas casas de baixo consumo energ\u00e9tico. A sa\u00edda de fumos conc\u00eantrica no topo simplifica a instala\u00e7\u00e3o na zona 2 ou 3 e optimiza o espa\u00e7o.\" \/>\n<meta property=\"og:url\" content=\"https:\/\/dev.invicta.wp19.axome.cc\/pt\/produit\/salamandra-a-pellets-lodi-8-cinzenta-wifi-concentrico\/\" \/>\n<meta property=\"og:site_name\" content=\"Invicta\" \/>\n<meta property=\"article:modified_time\" content=\"2025-11-26T13:47:28+00:00\" \/>\n<meta property=\"og:image\" content=\"https:\/\/dev.invicta.wp19.axome.cc\/wp-content\/uploads\/2025\/06\/LODI-ETANCHE6-Wi-Fi-gris-1.jpg\" \/>\n\t<meta property=\"og:image:width\" content=\"2000\" \/>\n\t<meta property=\"og:image:height\" content=\"2000\" \/>\n\t<meta property=\"og:image:type\" content=\"image\/jpeg\" \/>\n<meta name=\"twitter:card\" content=\"summary_large_image\" \/>\n<script type=\"application\/ld+json\" class=\"yoast-schema-graph\">{\"@context\":\"https:\/\/schema.org\",\"@graph\":[{\"@type\":\"WebPage\",\"@id\":\"https:\/\/dev.invicta.wp19.axome.cc\/pt\/produit\/salamandra-a-pellets-lodi-8-cinzenta-wifi-concentrico\/\",\"url\":\"https:\/\/dev.invicta.wp19.axome.cc\/pt\/produit\/salamandra-a-pellets-lodi-8-cinzenta-wifi-concentrico\/\",\"name\":\"Salamandra a pellets Lodi 8 cinzenta - WiFi conc\u00eantrico - Invicta\",\"isPartOf\":{\"@id\":\"https:\/\/dev.invicta.wp19.axome.cc\/pt\/#website\"},\"primaryImageOfPage\":{\"@id\":\"https:\/\/dev.invicta.wp19.axome.cc\/pt\/produit\/salamandra-a-pellets-lodi-8-cinzenta-wifi-concentrico\/#primaryimage\"},\"image\":{\"@id\":\"https:\/\/dev.invicta.wp19.axome.cc\/pt\/produit\/salamandra-a-pellets-lodi-8-cinzenta-wifi-concentrico\/#primaryimage\"},\"thumbnailUrl\":\"https:\/\/dev.invicta.wp19.axome.cc\/wp-content\/uploads\/2025\/06\/LODI-ETANCHE6-Wi-Fi-gris-1.jpg\",\"datePublished\":\"2025-11-26T12:47:26+00:00\",\"dateModified\":\"2025-11-26T13:47:28+00:00\",\"description\":\"A elegante salamandra a pellets imperme\u00e1vel Lodi 8 em cinzento d\u00e1 um toque de modernidade a qualquer interior, especialmente nas casas de baixo consumo energ\u00e9tico. A sa\u00edda de fumos conc\u00eantrica no topo simplifica a instala\u00e7\u00e3o na zona 2 ou 3 e optimiza o espa\u00e7o.\",\"breadcrumb\":{\"@id\":\"https:\/\/dev.invicta.wp19.axome.cc\/pt\/produit\/salamandra-a-pellets-lodi-8-cinzenta-wifi-concentrico\/#breadcrumb\"},\"inLanguage\":\"pt-PT\",\"potentialAction\":[{\"@type\":\"ReadAction\",\"target\":[\"https:\/\/dev.invicta.wp19.axome.cc\/pt\/produit\/salamandra-a-pellets-lodi-8-cinzenta-wifi-concentrico\/\"]}]},{\"@type\":\"ImageObject\",\"inLanguage\":\"pt-PT\",\"@id\":\"https:\/\/dev.invicta.wp19.axome.cc\/pt\/produit\/salamandra-a-pellets-lodi-8-cinzenta-wifi-concentrico\/#primaryimage\",\"url\":\"https:\/\/dev.invicta.wp19.axome.cc\/wp-content\/uploads\/2025\/06\/LODI-ETANCHE6-Wi-Fi-gris-1.jpg\",\"contentUrl\":\"https:\/\/dev.invicta.wp19.axome.cc\/wp-content\/uploads\/2025\/06\/LODI-ETANCHE6-Wi-Fi-gris-1.jpg\",\"width\":2000,\"height\":2000,\"caption\":\"Po\u00eale \u00e0 Granul\u00e9s \u00e9tanche Lodi 8 - concentrique WiFi gris\"},{\"@type\":\"BreadcrumbList\",\"@id\":\"https:\/\/dev.invicta.wp19.axome.cc\/pt\/produit\/salamandra-a-pellets-lodi-8-cinzenta-wifi-concentrico\/#breadcrumb\",\"itemListElement\":[{\"@type\":\"ListItem\",\"position\":1,\"name\":\"Home\",\"item\":\"https:\/\/dev.invicta.wp19.axome.cc\/pt\/\"},{\"@type\":\"ListItem\",\"position\":2,\"name\":\"Produtos\",\"item\":\"https:\/\/dev.invicta.wp19.axome.cc\/pt\/shop\/\"},{\"@type\":\"ListItem\",\"position\":3,\"name\":\"Salamandras a pellets\",\"item\":\"https:\/\/dev.invicta.wp19.axome.cc\/pt\/categorie-produit\/fogoes-a-pellets\/\"},{\"@type\":\"ListItem\",\"position\":4,\"name\":\"Salamandras estanques \u200b\u200ba pellets\",\"item\":\"https:\/\/dev.invicta.wp19.axome.cc\/pt\/categorie-produit\/fogoes-a-pellets\/salamandras-estanques-a-pellets\/\"},{\"@type\":\"ListItem\",\"position\":5,\"name\":\"Salamandra a pellets Lodi 8 cinzenta &#8211; WiFi conc\u00eantrico\"}]},{\"@type\":\"WebSite\",\"@id\":\"https:\/\/dev.invicta.wp19.axome.cc\/pt\/#website\",\"url\":\"https:\/\/dev.invicta.wp19.axome.cc\/pt\/\",\"name\":\"Invicta\",\"description\":\"Fabricant fran\u00e7ais, sp\u00e9cialiste europ\u00e9en du chauffage au bois : po\u00eales \u00e0 bois et \u00e0 granul\u00e9s, chemin\u00e9es, foyers et inserts\",\"publisher\":{\"@id\":\"https:\/\/dev.invicta.wp19.axome.cc\/pt\/#organization\"},\"potentialAction\":[{\"@type\":\"SearchAction\",\"target\":{\"@type\":\"EntryPoint\",\"urlTemplate\":\"https:\/\/dev.invicta.wp19.axome.cc\/pt\/?s={search_term_string}\"},\"query-input\":{\"@type\":\"PropertyValueSpecification\",\"valueRequired\":true,\"valueName\":\"search_term_string\"}}],\"inLanguage\":\"pt-PT\"},{\"@type\":\"Organization\",\"@id\":\"https:\/\/dev.invicta.wp19.axome.cc\/pt\/#organization\",\"name\":\"Invicta\",\"url\":\"https:\/\/dev.invicta.wp19.axome.cc\/pt\/\",\"logo\":{\"@type\":\"ImageObject\",\"inLanguage\":\"pt-PT\",\"@id\":\"https:\/\/dev.invicta.wp19.axome.cc\/pt\/#\/schema\/logo\/image\/\",\"url\":\"https:\/\/www.invicta.fr\/wp-content\/uploads\/2019\/06\/INVICTALOGO_RVB.png\",\"contentUrl\":\"https:\/\/www.invicta.fr\/wp-content\/uploads\/2019\/06\/INVICTALOGO_RVB.png\",\"width\":1810,\"height\":1280,\"caption\":\"Invicta\"},\"image\":{\"@id\":\"https:\/\/dev.invicta.wp19.axome.cc\/pt\/#\/schema\/logo\/image\/\"}}]}<\/script>\n<!-- \/ Yoast SEO plugin. -->","yoast_head_json":{"title":"Salamandra a pellets Lodi 8 cinzenta - WiFi conc\u00eantrico - Invicta","description":"A elegante salamandra a pellets imperme\u00e1vel Lodi 8 em cinzento d\u00e1 um toque de modernidade a qualquer interior, especialmente nas casas de baixo consumo energ\u00e9tico. A sa\u00edda de fumos conc\u00eantrica no topo simplifica a instala\u00e7\u00e3o na zona 2 ou 3 e optimiza o espa\u00e7o.","robots":{"index":"index","follow":"follow","max-snippet":"max-snippet:-1","max-image-preview":"max-image-preview:large","max-video-preview":"max-video-preview:-1"},"canonical":"https:\/\/dev.invicta.wp19.axome.cc\/pt\/produit\/salamandra-a-pellets-lodi-8-cinzenta-wifi-concentrico\/","og_locale":"pt_PT","og_type":"article","og_title":"Salamandra a pellets Lodi 8 cinzenta - WiFi conc\u00eantrico - Invicta","og_description":"A elegante salamandra a pellets imperme\u00e1vel Lodi 8 em cinzento d\u00e1 um toque de modernidade a qualquer interior, especialmente nas casas de baixo consumo energ\u00e9tico. A sa\u00edda de fumos conc\u00eantrica no topo simplifica a instala\u00e7\u00e3o na zona 2 ou 3 e optimiza o espa\u00e7o.","og_url":"https:\/\/dev.invicta.wp19.axome.cc\/pt\/produit\/salamandra-a-pellets-lodi-8-cinzenta-wifi-concentrico\/","og_site_name":"Invicta","article_modified_time":"2025-11-26T13:47:28+00:00","og_image":[{"width":2000,"height":2000,"url":"https:\/\/dev.invicta.wp19.axome.cc\/wp-content\/uploads\/2025\/06\/LODI-ETANCHE6-Wi-Fi-gris-1.jpg","type":"image\/jpeg"}],"twitter_card":"summary_large_image","schema":{"@context":"https:\/\/schema.org","@graph":[{"@type":"WebPage","@id":"https:\/\/dev.invicta.wp19.axome.cc\/pt\/produit\/salamandra-a-pellets-lodi-8-cinzenta-wifi-concentrico\/","url":"https:\/\/dev.invicta.wp19.axome.cc\/pt\/produit\/salamandra-a-pellets-lodi-8-cinzenta-wifi-concentrico\/","name":"Salamandra a pellets Lodi 8 cinzenta - WiFi conc\u00eantrico - Invicta","isPartOf":{"@id":"https:\/\/dev.invicta.wp19.axome.cc\/pt\/#website"},"primaryImageOfPage":{"@id":"https:\/\/dev.invicta.wp19.axome.cc\/pt\/produit\/salamandra-a-pellets-lodi-8-cinzenta-wifi-concentrico\/#primaryimage"},"image":{"@id":"https:\/\/dev.invicta.wp19.axome.cc\/pt\/produit\/salamandra-a-pellets-lodi-8-cinzenta-wifi-concentrico\/#primaryimage"},"thumbnailUrl":"https:\/\/dev.invicta.wp19.axome.cc\/wp-content\/uploads\/2025\/06\/LODI-ETANCHE6-Wi-Fi-gris-1.jpg","datePublished":"2025-11-26T12:47:26+00:00","dateModified":"2025-11-26T13:47:28+00:00","description":"A elegante salamandra a pellets imperme\u00e1vel Lodi 8 em cinzento d\u00e1 um toque de modernidade a qualquer interior, especialmente nas casas de baixo consumo energ\u00e9tico. A sa\u00edda de fumos conc\u00eantrica no topo simplifica a instala\u00e7\u00e3o na zona 2 ou 3 e optimiza o espa\u00e7o.","breadcrumb":{"@id":"https:\/\/dev.invicta.wp19.axome.cc\/pt\/produit\/salamandra-a-pellets-lodi-8-cinzenta-wifi-concentrico\/#breadcrumb"},"inLanguage":"pt-PT","potentialAction":[{"@type":"ReadAction","target":["https:\/\/dev.invicta.wp19.axome.cc\/pt\/produit\/salamandra-a-pellets-lodi-8-cinzenta-wifi-concentrico\/"]}]},{"@type":"ImageObject","inLanguage":"pt-PT","@id":"https:\/\/dev.invicta.wp19.axome.cc\/pt\/produit\/salamandra-a-pellets-lodi-8-cinzenta-wifi-concentrico\/#primaryimage","url":"https:\/\/dev.invicta.wp19.axome.cc\/wp-content\/uploads\/2025\/06\/LODI-ETANCHE6-Wi-Fi-gris-1.jpg","contentUrl":"https:\/\/dev.invicta.wp19.axome.cc\/wp-content\/uploads\/2025\/06\/LODI-ETANCHE6-Wi-Fi-gris-1.jpg","width":2000,"height":2000,"caption":"Po\u00eale \u00e0 Granul\u00e9s \u00e9tanche Lodi 8 - concentrique WiFi gris"},{"@type":"BreadcrumbList","@id":"https:\/\/dev.invicta.wp19.axome.cc\/pt\/produit\/salamandra-a-pellets-lodi-8-cinzenta-wifi-concentrico\/#breadcrumb","itemListElement":[{"@type":"ListItem","position":1,"name":"Home","item":"https:\/\/dev.invicta.wp19.axome.cc\/pt\/"},{"@type":"ListItem","position":2,"name":"Produtos","item":"https:\/\/dev.invicta.wp19.axome.cc\/pt\/shop\/"},{"@type":"ListItem","position":3,"name":"Salamandras a pellets","item":"https:\/\/dev.invicta.wp19.axome.cc\/pt\/categorie-produit\/fogoes-a-pellets\/"},{"@type":"ListItem","position":4,"name":"Salamandras estanques \u200b\u200ba pellets","item":"https:\/\/dev.invicta.wp19.axome.cc\/pt\/categorie-produit\/fogoes-a-pellets\/salamandras-estanques-a-pellets\/"},{"@type":"ListItem","position":5,"name":"Salamandra a pellets Lodi 8 cinzenta &#8211; WiFi conc\u00eantrico"}]},{"@type":"WebSite","@id":"https:\/\/dev.invicta.wp19.axome.cc\/pt\/#website","url":"https:\/\/dev.invicta.wp19.axome.cc\/pt\/","name":"Invicta","description":"Fabricant fran\u00e7ais, sp\u00e9cialiste europ\u00e9en du chauffage au bois : po\u00eales \u00e0 bois et \u00e0 granul\u00e9s, chemin\u00e9es, foyers et inserts","publisher":{"@id":"https:\/\/dev.invicta.wp19.axome.cc\/pt\/#organization"},"potentialAction":[{"@type":"SearchAction","target":{"@type":"EntryPoint","urlTemplate":"https:\/\/dev.invicta.wp19.axome.cc\/pt\/?s={search_term_string}"},"query-input":{"@type":"PropertyValueSpecification","valueRequired":true,"valueName":"search_term_string"}}],"inLanguage":"pt-PT"},{"@type":"Organization","@id":"https:\/\/dev.invicta.wp19.axome.cc\/pt\/#organization","name":"Invicta","url":"https:\/\/dev.invicta.wp19.axome.cc\/pt\/","logo":{"@type":"ImageObject","inLanguage":"pt-PT","@id":"https:\/\/dev.invicta.wp19.axome.cc\/pt\/#\/schema\/logo\/image\/","url":"https:\/\/www.invicta.fr\/wp-content\/uploads\/2019\/06\/INVICTALOGO_RVB.png","contentUrl":"https:\/\/www.invicta.fr\/wp-content\/uploads\/2019\/06\/INVICTALOGO_RVB.png","width":1810,"height":1280,"caption":"Invicta"},"image":{"@id":"https:\/\/dev.invicta.wp19.axome.cc\/pt\/#\/schema\/logo\/image\/"}}]}},"_links":{"self":[{"href":"https:\/\/dev.invicta.wp19.axome.cc\/pt\/wp-json\/wp\/v2\/product\/69898","targetHints":{"allow":["GET"]}}],"collection":[{"href":"https:\/\/dev.invicta.wp19.axome.cc\/pt\/wp-json\/wp\/v2\/product"}],"about":[{"href":"https:\/\/dev.invicta.wp19.axome.cc\/pt\/wp-json\/wp\/v2\/types\/product"}],"wp:featuredmedia":[{"embeddable":true,"href":"https:\/\/dev.invicta.wp19.axome.cc\/pt\/wp-json\/wp\/v2\/media\/68637"}],"wp:attachment":[{"href":"https:\/\/dev.invicta.wp19.axome.cc\/pt\/wp-json\/wp\/v2\/media?parent=69898"}],"wp:term":[{"taxonomy":"product_brand","embeddable":true,"href":"https:\/\/dev.invicta.wp19.axome.cc\/pt\/wp-json\/wp\/v2\/product_brand?post=69898"},{"taxonomy":"product_cat","embeddable":true,"href":"https:\/\/dev.invicta.wp19.axome.cc\/pt\/wp-json\/wp\/v2\/product_cat?post=69898"},{"taxonomy":"product_tag","embeddable":true,"href":"https:\/\/dev.invicta.wp19.axome.cc\/pt\/wp-json\/wp\/v2\/product_tag?post=69898"},{"taxonomy":"plus_produit","embeddable":true,"href":"https:\/\/dev.invicta.wp19.axome.cc\/pt\/wp-json\/wp\/v2\/plus_produit?post=69898"}],"curies":[{"name":"wp","href":"https:\/\/api.w.org\/{rel}","templated":true}]}}