{"id":69901,"date":"2025-11-26T08:31:37","date_gmt":"2025-11-26T13:02:04","guid":{"rendered":"https:\/\/dev.invicta.wp19.axome.cc\/produit\/insert-a-lenha-700-austral-plus\/"},"modified":"2025-11-26T15:02:14","modified_gmt":"2025-11-26T14:02:14","slug":"insert-a-lenha-700-austral-plus","status":"publish","type":"product","link":"https:\/\/dev.invicta.wp19.axome.cc\/pt\/produit\/insert-a-lenha-700-austral-plus\/","title":{"rendered":"Insert a lenha 700 Austral Plus"},"content":{"rendered":"","protected":false},"excerpt":{"rendered":"<p>Com o seu vidro moderno, este insert vai adicionar um estilo \u00fanico \u00e0 sua lareira. Aquecer-se-\u00e0 rapidamente e ir\u00e1 desfrutar do seu aloto rendimento. Nuevas turbinas extra silenciosas, super poderosas.<\/p>\n","protected":false},"featured_media":68846,"template":"","meta":{"_acf_changed":false},"product_brand":[],"product_cat":[3105,4933,4385,6889],"product_tag":[3310,3277,4470,3312,4883,4513,6832],"plus_produit":[3325,4055,6876,6873,6837,4084,3306,3326,3307],"class_list":{"1":"product","4":"has-post-thumbnail","6":"product_cat-ajuda-na-selecao","7":"product_cat-recuperadores","8":"product_cat-recuperador-ventilado","9":"product_cat-insert-a-lenha","10":"product_tag-eco-design-2022-es-pt","11":"product_tag-certificacion-ecolabel-a-pt","12":"product_tag-ligacao-estanque","13":"product_tag-post-combustion-es-pt","14":"product_tag-com-ligacao","15":"product_tag-garantia-de-3-anos-pt","16":"product_tag-y-extension-garantie-2ans-por","17":"pa_consommation-053-a-222-kg-hora","18":"pa_depart-des-fumees-parte-superior-pt","19":"pa_surface-de-chauffe-40-a-100-m-pt","20":"pa_volume-de-chauffe-105-a-240-m-pt","21":"plus_produit-combustao-intermitente-e-prolongada-3-horas","22":"plus_produit-conectavel-pt","23":"plus_produit-conectavel-com-entrada-de-ar-ajustavel","24":"plus_produit-difusao-de-ar-quente-por-ventilacao-forcada-novas-turbinas","25":"plus_produit-extensao-de-garantia-2-anos","26":"plus_produit-manchetes-em-opcao-pt","27":"plus_produit-origine-france-garantie","28":"plus_produit-sistema-de-post-combustion-pt","29":"plus_produit-vidro-proprio","31":"first","32":"instock","33":"purchasable","34":"product-type-simple"},"acf":[],"yoast_head":"<!-- This site is optimized with the Yoast SEO plugin v24.7 - https:\/\/yoast.com\/wordpress\/plugins\/seo\/ -->\n<title>Insert a lenha 700 Austral Plus - Invicta<\/title>\n<meta name=\"description\" content=\"Com o seu vidro moderno, este insert vai adicionar um estilo \u00fanico \u00e0 sua lareira. Aquecer-se-\u00e0 rapidamente e ir\u00e1 desfrutar do seu aloto rendimento. Nuevas turbinas extra silenciosas, super poderosas.\" \/>\n<meta name=\"robots\" content=\"index, follow, max-snippet:-1, max-image-preview:large, max-video-preview:-1\" \/>\n<link rel=\"canonical\" href=\"https:\/\/dev.invicta.wp19.axome.cc\/pt\/produit\/insert-a-lenha-700-austral-plus\/\" \/>\n<meta property=\"og:locale\" content=\"pt_PT\" \/>\n<meta property=\"og:type\" content=\"article\" \/>\n<meta property=\"og:title\" content=\"Insert a lenha 700 Austral Plus - Invicta\" \/>\n<meta property=\"og:description\" content=\"Com o seu vidro moderno, este insert vai adicionar um estilo \u00fanico \u00e0 sua lareira. Aquecer-se-\u00e0 rapidamente e ir\u00e1 desfrutar do seu aloto rendimento. Nuevas turbinas extra silenciosas, super poderosas.\" \/>\n<meta property=\"og:url\" content=\"https:\/\/dev.invicta.wp19.axome.cc\/pt\/produit\/insert-a-lenha-700-austral-plus\/\" \/>\n<meta property=\"og:site_name\" content=\"Invicta\" \/>\n<meta property=\"article:modified_time\" content=\"2025-11-26T14:02:14+00:00\" \/>\n<meta property=\"og:image\" content=\"https:\/\/dev.invicta.wp19.axome.cc\/wp-content\/uploads\/2025\/06\/A_P967011_AUSTRAL_PLUS_web.jpg\" \/>\n\t<meta property=\"og:image:width\" content=\"900\" \/>\n\t<meta property=\"og:image:height\" content=\"635\" \/>\n\t<meta property=\"og:image:type\" content=\"image\/jpeg\" \/>\n<meta name=\"twitter:card\" content=\"summary_large_image\" \/>\n<script type=\"application\/ld+json\" class=\"yoast-schema-graph\">{\"@context\":\"https:\/\/schema.org\",\"@graph\":[{\"@type\":\"WebPage\",\"@id\":\"https:\/\/dev.invicta.wp19.axome.cc\/pt\/produit\/insert-a-lenha-700-austral-plus\/\",\"url\":\"https:\/\/dev.invicta.wp19.axome.cc\/pt\/produit\/insert-a-lenha-700-austral-plus\/\",\"name\":\"Insert a lenha 700 Austral Plus - Invicta\",\"isPartOf\":{\"@id\":\"https:\/\/dev.invicta.wp19.axome.cc\/pt\/#website\"},\"primaryImageOfPage\":{\"@id\":\"https:\/\/dev.invicta.wp19.axome.cc\/pt\/produit\/insert-a-lenha-700-austral-plus\/#primaryimage\"},\"image\":{\"@id\":\"https:\/\/dev.invicta.wp19.axome.cc\/pt\/produit\/insert-a-lenha-700-austral-plus\/#primaryimage\"},\"thumbnailUrl\":\"https:\/\/dev.invicta.wp19.axome.cc\/wp-content\/uploads\/2025\/06\/A_P967011_AUSTRAL_PLUS_web.jpg\",\"datePublished\":\"2025-11-26T13:02:04+00:00\",\"dateModified\":\"2025-11-26T14:02:14+00:00\",\"description\":\"Com o seu vidro moderno, este insert vai adicionar um estilo \u00fanico \u00e0 sua lareira. Aquecer-se-\u00e0 rapidamente e ir\u00e1 desfrutar do seu aloto rendimento. Nuevas turbinas extra silenciosas, super poderosas.\",\"breadcrumb\":{\"@id\":\"https:\/\/dev.invicta.wp19.axome.cc\/pt\/produit\/insert-a-lenha-700-austral-plus\/#breadcrumb\"},\"inLanguage\":\"pt-PT\",\"potentialAction\":[{\"@type\":\"ReadAction\",\"target\":[\"https:\/\/dev.invicta.wp19.axome.cc\/pt\/produit\/insert-a-lenha-700-austral-plus\/\"]}]},{\"@type\":\"ImageObject\",\"inLanguage\":\"pt-PT\",\"@id\":\"https:\/\/dev.invicta.wp19.axome.cc\/pt\/produit\/insert-a-lenha-700-austral-plus\/#primaryimage\",\"url\":\"https:\/\/dev.invicta.wp19.axome.cc\/wp-content\/uploads\/2025\/06\/A_P967011_AUSTRAL_PLUS_web.jpg\",\"contentUrl\":\"https:\/\/dev.invicta.wp19.axome.cc\/wp-content\/uploads\/2025\/06\/A_P967011_AUSTRAL_PLUS_web.jpg\",\"width\":900,\"height\":635,\"caption\":\"Insert \u00e0 Bois 700 Austral Plus Turbo\"},{\"@type\":\"BreadcrumbList\",\"@id\":\"https:\/\/dev.invicta.wp19.axome.cc\/pt\/produit\/insert-a-lenha-700-austral-plus\/#breadcrumb\",\"itemListElement\":[{\"@type\":\"ListItem\",\"position\":1,\"name\":\"Home\",\"item\":\"https:\/\/dev.invicta.wp19.axome.cc\/pt\/\"},{\"@type\":\"ListItem\",\"position\":2,\"name\":\"Produtos\",\"item\":\"https:\/\/dev.invicta.wp19.axome.cc\/pt\/shop\/\"},{\"@type\":\"ListItem\",\"position\":3,\"name\":\"Recuperadores\",\"item\":\"https:\/\/dev.invicta.wp19.axome.cc\/pt\/categorie-produit\/recuperadores\/\"},{\"@type\":\"ListItem\",\"position\":4,\"name\":\"Recuperador ventilado\",\"item\":\"https:\/\/dev.invicta.wp19.axome.cc\/pt\/categorie-produit\/recuperadores\/recuperador-ventilado\/\"},{\"@type\":\"ListItem\",\"position\":5,\"name\":\"Insert a lenha 700 Austral Plus\"}]},{\"@type\":\"WebSite\",\"@id\":\"https:\/\/dev.invicta.wp19.axome.cc\/pt\/#website\",\"url\":\"https:\/\/dev.invicta.wp19.axome.cc\/pt\/\",\"name\":\"Invicta\",\"description\":\"Fabricant fran\u00e7ais, sp\u00e9cialiste europ\u00e9en du chauffage au bois : po\u00eales \u00e0 bois et \u00e0 granul\u00e9s, chemin\u00e9es, foyers et inserts\",\"publisher\":{\"@id\":\"https:\/\/dev.invicta.wp19.axome.cc\/pt\/#organization\"},\"potentialAction\":[{\"@type\":\"SearchAction\",\"target\":{\"@type\":\"EntryPoint\",\"urlTemplate\":\"https:\/\/dev.invicta.wp19.axome.cc\/pt\/?s={search_term_string}\"},\"query-input\":{\"@type\":\"PropertyValueSpecification\",\"valueRequired\":true,\"valueName\":\"search_term_string\"}}],\"inLanguage\":\"pt-PT\"},{\"@type\":\"Organization\",\"@id\":\"https:\/\/dev.invicta.wp19.axome.cc\/pt\/#organization\",\"name\":\"Invicta\",\"url\":\"https:\/\/dev.invicta.wp19.axome.cc\/pt\/\",\"logo\":{\"@type\":\"ImageObject\",\"inLanguage\":\"pt-PT\",\"@id\":\"https:\/\/dev.invicta.wp19.axome.cc\/pt\/#\/schema\/logo\/image\/\",\"url\":\"https:\/\/www.invicta.fr\/wp-content\/uploads\/2019\/06\/INVICTALOGO_RVB.png\",\"contentUrl\":\"https:\/\/www.invicta.fr\/wp-content\/uploads\/2019\/06\/INVICTALOGO_RVB.png\",\"width\":1810,\"height\":1280,\"caption\":\"Invicta\"},\"image\":{\"@id\":\"https:\/\/dev.invicta.wp19.axome.cc\/pt\/#\/schema\/logo\/image\/\"}}]}<\/script>\n<!-- \/ Yoast SEO plugin. -->","yoast_head_json":{"title":"Insert a lenha 700 Austral Plus - Invicta","description":"Com o seu vidro moderno, este insert vai adicionar um estilo \u00fanico \u00e0 sua lareira. Aquecer-se-\u00e0 rapidamente e ir\u00e1 desfrutar do seu aloto rendimento. Nuevas turbinas extra silenciosas, super poderosas.","robots":{"index":"index","follow":"follow","max-snippet":"max-snippet:-1","max-image-preview":"max-image-preview:large","max-video-preview":"max-video-preview:-1"},"canonical":"https:\/\/dev.invicta.wp19.axome.cc\/pt\/produit\/insert-a-lenha-700-austral-plus\/","og_locale":"pt_PT","og_type":"article","og_title":"Insert a lenha 700 Austral Plus - Invicta","og_description":"Com o seu vidro moderno, este insert vai adicionar um estilo \u00fanico \u00e0 sua lareira. Aquecer-se-\u00e0 rapidamente e ir\u00e1 desfrutar do seu aloto rendimento. Nuevas turbinas extra silenciosas, super poderosas.","og_url":"https:\/\/dev.invicta.wp19.axome.cc\/pt\/produit\/insert-a-lenha-700-austral-plus\/","og_site_name":"Invicta","article_modified_time":"2025-11-26T14:02:14+00:00","og_image":[{"width":900,"height":635,"url":"https:\/\/dev.invicta.wp19.axome.cc\/wp-content\/uploads\/2025\/06\/A_P967011_AUSTRAL_PLUS_web.jpg","type":"image\/jpeg"}],"twitter_card":"summary_large_image","schema":{"@context":"https:\/\/schema.org","@graph":[{"@type":"WebPage","@id":"https:\/\/dev.invicta.wp19.axome.cc\/pt\/produit\/insert-a-lenha-700-austral-plus\/","url":"https:\/\/dev.invicta.wp19.axome.cc\/pt\/produit\/insert-a-lenha-700-austral-plus\/","name":"Insert a lenha 700 Austral Plus - Invicta","isPartOf":{"@id":"https:\/\/dev.invicta.wp19.axome.cc\/pt\/#website"},"primaryImageOfPage":{"@id":"https:\/\/dev.invicta.wp19.axome.cc\/pt\/produit\/insert-a-lenha-700-austral-plus\/#primaryimage"},"image":{"@id":"https:\/\/dev.invicta.wp19.axome.cc\/pt\/produit\/insert-a-lenha-700-austral-plus\/#primaryimage"},"thumbnailUrl":"https:\/\/dev.invicta.wp19.axome.cc\/wp-content\/uploads\/2025\/06\/A_P967011_AUSTRAL_PLUS_web.jpg","datePublished":"2025-11-26T13:02:04+00:00","dateModified":"2025-11-26T14:02:14+00:00","description":"Com o seu vidro moderno, este insert vai adicionar um estilo \u00fanico \u00e0 sua lareira. Aquecer-se-\u00e0 rapidamente e ir\u00e1 desfrutar do seu aloto rendimento. Nuevas turbinas extra silenciosas, super poderosas.","breadcrumb":{"@id":"https:\/\/dev.invicta.wp19.axome.cc\/pt\/produit\/insert-a-lenha-700-austral-plus\/#breadcrumb"},"inLanguage":"pt-PT","potentialAction":[{"@type":"ReadAction","target":["https:\/\/dev.invicta.wp19.axome.cc\/pt\/produit\/insert-a-lenha-700-austral-plus\/"]}]},{"@type":"ImageObject","inLanguage":"pt-PT","@id":"https:\/\/dev.invicta.wp19.axome.cc\/pt\/produit\/insert-a-lenha-700-austral-plus\/#primaryimage","url":"https:\/\/dev.invicta.wp19.axome.cc\/wp-content\/uploads\/2025\/06\/A_P967011_AUSTRAL_PLUS_web.jpg","contentUrl":"https:\/\/dev.invicta.wp19.axome.cc\/wp-content\/uploads\/2025\/06\/A_P967011_AUSTRAL_PLUS_web.jpg","width":900,"height":635,"caption":"Insert \u00e0 Bois 700 Austral Plus Turbo"},{"@type":"BreadcrumbList","@id":"https:\/\/dev.invicta.wp19.axome.cc\/pt\/produit\/insert-a-lenha-700-austral-plus\/#breadcrumb","itemListElement":[{"@type":"ListItem","position":1,"name":"Home","item":"https:\/\/dev.invicta.wp19.axome.cc\/pt\/"},{"@type":"ListItem","position":2,"name":"Produtos","item":"https:\/\/dev.invicta.wp19.axome.cc\/pt\/shop\/"},{"@type":"ListItem","position":3,"name":"Recuperadores","item":"https:\/\/dev.invicta.wp19.axome.cc\/pt\/categorie-produit\/recuperadores\/"},{"@type":"ListItem","position":4,"name":"Recuperador ventilado","item":"https:\/\/dev.invicta.wp19.axome.cc\/pt\/categorie-produit\/recuperadores\/recuperador-ventilado\/"},{"@type":"ListItem","position":5,"name":"Insert a lenha 700 Austral Plus"}]},{"@type":"WebSite","@id":"https:\/\/dev.invicta.wp19.axome.cc\/pt\/#website","url":"https:\/\/dev.invicta.wp19.axome.cc\/pt\/","name":"Invicta","description":"Fabricant fran\u00e7ais, sp\u00e9cialiste europ\u00e9en du chauffage au bois : po\u00eales \u00e0 bois et \u00e0 granul\u00e9s, chemin\u00e9es, foyers et inserts","publisher":{"@id":"https:\/\/dev.invicta.wp19.axome.cc\/pt\/#organization"},"potentialAction":[{"@type":"SearchAction","target":{"@type":"EntryPoint","urlTemplate":"https:\/\/dev.invicta.wp19.axome.cc\/pt\/?s={search_term_string}"},"query-input":{"@type":"PropertyValueSpecification","valueRequired":true,"valueName":"search_term_string"}}],"inLanguage":"pt-PT"},{"@type":"Organization","@id":"https:\/\/dev.invicta.wp19.axome.cc\/pt\/#organization","name":"Invicta","url":"https:\/\/dev.invicta.wp19.axome.cc\/pt\/","logo":{"@type":"ImageObject","inLanguage":"pt-PT","@id":"https:\/\/dev.invicta.wp19.axome.cc\/pt\/#\/schema\/logo\/image\/","url":"https:\/\/www.invicta.fr\/wp-content\/uploads\/2019\/06\/INVICTALOGO_RVB.png","contentUrl":"https:\/\/www.invicta.fr\/wp-content\/uploads\/2019\/06\/INVICTALOGO_RVB.png","width":1810,"height":1280,"caption":"Invicta"},"image":{"@id":"https:\/\/dev.invicta.wp19.axome.cc\/pt\/#\/schema\/logo\/image\/"}}]}},"_links":{"self":[{"href":"https:\/\/dev.invicta.wp19.axome.cc\/pt\/wp-json\/wp\/v2\/product\/69901","targetHints":{"allow":["GET"]}}],"collection":[{"href":"https:\/\/dev.invicta.wp19.axome.cc\/pt\/wp-json\/wp\/v2\/product"}],"about":[{"href":"https:\/\/dev.invicta.wp19.axome.cc\/pt\/wp-json\/wp\/v2\/types\/product"}],"wp:featuredmedia":[{"embeddable":true,"href":"https:\/\/dev.invicta.wp19.axome.cc\/pt\/wp-json\/wp\/v2\/media\/68846"}],"wp:attachment":[{"href":"https:\/\/dev.invicta.wp19.axome.cc\/pt\/wp-json\/wp\/v2\/media?parent=69901"}],"wp:term":[{"taxonomy":"product_brand","embeddable":true,"href":"https:\/\/dev.invicta.wp19.axome.cc\/pt\/wp-json\/wp\/v2\/product_brand?post=69901"},{"taxonomy":"product_cat","embeddable":true,"href":"https:\/\/dev.invicta.wp19.axome.cc\/pt\/wp-json\/wp\/v2\/product_cat?post=69901"},{"taxonomy":"product_tag","embeddable":true,"href":"https:\/\/dev.invicta.wp19.axome.cc\/pt\/wp-json\/wp\/v2\/product_tag?post=69901"},{"taxonomy":"plus_produit","embeddable":true,"href":"https:\/\/dev.invicta.wp19.axome.cc\/pt\/wp-json\/wp\/v2\/plus_produit?post=69901"}],"curies":[{"name":"wp","href":"https:\/\/api.w.org\/{rel}","templated":true}]}}