{"id":69926,"date":"2025-06-09T18:14:24","date_gmt":"2025-06-09T16:14:24","guid":{"rendered":"https:\/\/dev.invicta.wp19.axome.cc\/produit\/grelhas-de-ventilacao-com-corredica-175x75x20\/"},"modified":"2025-06-09T18:14:28","modified_gmt":"2025-06-09T16:14:28","slug":"grelhas-de-ventilacao-com-corredica-175x75x20","status":"publish","type":"product","link":"https:\/\/dev.invicta.wp19.axome.cc\/pt\/produit\/grelhas-de-ventilacao-com-corredica-175x75x20\/","title":{"rendered":"Grelhas de ventila\u00e7\u00e3o com corredi\u00e7a 175x75x20"},"content":{"rendered":"","protected":false},"excerpt":{"rendered":"","protected":false},"featured_media":0,"template":"","meta":{"_acf_changed":false},"product_brand":[],"product_cat":[],"product_tag":[],"plus_produit":[],"class_list":{"1":"product","5":"pa_surface-de-chauffe-25-100-pt","6":"pa_volume-de-chauffe-min-max-3","8":"first","9":"instock","10":"product-type-simple"},"acf":[],"yoast_head":"<!-- This site is optimized with the Yoast SEO plugin v24.7 - https:\/\/yoast.com\/wordpress\/plugins\/seo\/ -->\n<title>Grelhas de ventila\u00e7\u00e3o com corredi\u00e7a 175x75x20 - Invicta<\/title>\n<meta name=\"robots\" content=\"index, follow, max-snippet:-1, max-image-preview:large, max-video-preview:-1\" \/>\n<link rel=\"canonical\" href=\"https:\/\/dev.invicta.wp19.axome.cc\/pt\/produit\/grelhas-de-ventilacao-com-corredica-175x75x20\/\" \/>\n<meta property=\"og:locale\" content=\"pt_PT\" \/>\n<meta property=\"og:type\" content=\"article\" \/>\n<meta property=\"og:title\" content=\"Grelhas de ventila\u00e7\u00e3o com corredi\u00e7a 175x75x20 - Invicta\" \/>\n<meta property=\"og:url\" content=\"https:\/\/dev.invicta.wp19.axome.cc\/pt\/produit\/grelhas-de-ventilacao-com-corredica-175x75x20\/\" \/>\n<meta property=\"og:site_name\" content=\"Invicta\" \/>\n<meta property=\"article:modified_time\" content=\"2025-06-09T16:14:28+00:00\" \/>\n<meta name=\"twitter:card\" content=\"summary_large_image\" \/>\n<script type=\"application\/ld+json\" class=\"yoast-schema-graph\">{\"@context\":\"https:\/\/schema.org\",\"@graph\":[{\"@type\":\"WebPage\",\"@id\":\"https:\/\/dev.invicta.wp19.axome.cc\/pt\/produit\/grelhas-de-ventilacao-com-corredica-175x75x20\/\",\"url\":\"https:\/\/dev.invicta.wp19.axome.cc\/pt\/produit\/grelhas-de-ventilacao-com-corredica-175x75x20\/\",\"name\":\"Grelhas de ventila\u00e7\u00e3o com corredi\u00e7a 175x75x20 - Invicta\",\"isPartOf\":{\"@id\":\"https:\/\/dev.invicta.wp19.axome.cc\/pt\/#website\"},\"datePublished\":\"2025-06-09T16:14:24+00:00\",\"dateModified\":\"2025-06-09T16:14:28+00:00\",\"breadcrumb\":{\"@id\":\"https:\/\/dev.invicta.wp19.axome.cc\/pt\/produit\/grelhas-de-ventilacao-com-corredica-175x75x20\/#breadcrumb\"},\"inLanguage\":\"pt-PT\",\"potentialAction\":[{\"@type\":\"ReadAction\",\"target\":[\"https:\/\/dev.invicta.wp19.axome.cc\/pt\/produit\/grelhas-de-ventilacao-com-corredica-175x75x20\/\"]}]},{\"@type\":\"BreadcrumbList\",\"@id\":\"https:\/\/dev.invicta.wp19.axome.cc\/pt\/produit\/grelhas-de-ventilacao-com-corredica-175x75x20\/#breadcrumb\",\"itemListElement\":[{\"@type\":\"ListItem\",\"position\":1,\"name\":\"Home\",\"item\":\"https:\/\/dev.invicta.wp19.axome.cc\/pt\/\"},{\"@type\":\"ListItem\",\"position\":2,\"name\":\"Produtos\",\"item\":\"https:\/\/dev.invicta.wp19.axome.cc\/pt\/shop\/\"},{\"@type\":\"ListItem\",\"position\":3,\"name\":\"Grelhas de ventila\u00e7\u00e3o com corredi\u00e7a 175x75x20\"}]},{\"@type\":\"WebSite\",\"@id\":\"https:\/\/dev.invicta.wp19.axome.cc\/pt\/#website\",\"url\":\"https:\/\/dev.invicta.wp19.axome.cc\/pt\/\",\"name\":\"Invicta\",\"description\":\"Fabricant fran\u00e7ais, sp\u00e9cialiste europ\u00e9en du chauffage au bois : po\u00eales \u00e0 bois et \u00e0 granul\u00e9s, chemin\u00e9es, foyers et inserts\",\"publisher\":{\"@id\":\"https:\/\/dev.invicta.wp19.axome.cc\/pt\/#organization\"},\"potentialAction\":[{\"@type\":\"SearchAction\",\"target\":{\"@type\":\"EntryPoint\",\"urlTemplate\":\"https:\/\/dev.invicta.wp19.axome.cc\/pt\/?s={search_term_string}\"},\"query-input\":{\"@type\":\"PropertyValueSpecification\",\"valueRequired\":true,\"valueName\":\"search_term_string\"}}],\"inLanguage\":\"pt-PT\"},{\"@type\":\"Organization\",\"@id\":\"https:\/\/dev.invicta.wp19.axome.cc\/pt\/#organization\",\"name\":\"Invicta\",\"url\":\"https:\/\/dev.invicta.wp19.axome.cc\/pt\/\",\"logo\":{\"@type\":\"ImageObject\",\"inLanguage\":\"pt-PT\",\"@id\":\"https:\/\/dev.invicta.wp19.axome.cc\/pt\/#\/schema\/logo\/image\/\",\"url\":\"https:\/\/www.invicta.fr\/wp-content\/uploads\/2019\/06\/INVICTALOGO_RVB.png\",\"contentUrl\":\"https:\/\/www.invicta.fr\/wp-content\/uploads\/2019\/06\/INVICTALOGO_RVB.png\",\"width\":1810,\"height\":1280,\"caption\":\"Invicta\"},\"image\":{\"@id\":\"https:\/\/dev.invicta.wp19.axome.cc\/pt\/#\/schema\/logo\/image\/\"}}]}<\/script>\n<!-- \/ Yoast SEO plugin. -->","yoast_head_json":{"title":"Grelhas de ventila\u00e7\u00e3o com corredi\u00e7a 175x75x20 - Invicta","robots":{"index":"index","follow":"follow","max-snippet":"max-snippet:-1","max-image-preview":"max-image-preview:large","max-video-preview":"max-video-preview:-1"},"canonical":"https:\/\/dev.invicta.wp19.axome.cc\/pt\/produit\/grelhas-de-ventilacao-com-corredica-175x75x20\/","og_locale":"pt_PT","og_type":"article","og_title":"Grelhas de ventila\u00e7\u00e3o com corredi\u00e7a 175x75x20 - Invicta","og_url":"https:\/\/dev.invicta.wp19.axome.cc\/pt\/produit\/grelhas-de-ventilacao-com-corredica-175x75x20\/","og_site_name":"Invicta","article_modified_time":"2025-06-09T16:14:28+00:00","twitter_card":"summary_large_image","schema":{"@context":"https:\/\/schema.org","@graph":[{"@type":"WebPage","@id":"https:\/\/dev.invicta.wp19.axome.cc\/pt\/produit\/grelhas-de-ventilacao-com-corredica-175x75x20\/","url":"https:\/\/dev.invicta.wp19.axome.cc\/pt\/produit\/grelhas-de-ventilacao-com-corredica-175x75x20\/","name":"Grelhas de ventila\u00e7\u00e3o com corredi\u00e7a 175x75x20 - Invicta","isPartOf":{"@id":"https:\/\/dev.invicta.wp19.axome.cc\/pt\/#website"},"datePublished":"2025-06-09T16:14:24+00:00","dateModified":"2025-06-09T16:14:28+00:00","breadcrumb":{"@id":"https:\/\/dev.invicta.wp19.axome.cc\/pt\/produit\/grelhas-de-ventilacao-com-corredica-175x75x20\/#breadcrumb"},"inLanguage":"pt-PT","potentialAction":[{"@type":"ReadAction","target":["https:\/\/dev.invicta.wp19.axome.cc\/pt\/produit\/grelhas-de-ventilacao-com-corredica-175x75x20\/"]}]},{"@type":"BreadcrumbList","@id":"https:\/\/dev.invicta.wp19.axome.cc\/pt\/produit\/grelhas-de-ventilacao-com-corredica-175x75x20\/#breadcrumb","itemListElement":[{"@type":"ListItem","position":1,"name":"Home","item":"https:\/\/dev.invicta.wp19.axome.cc\/pt\/"},{"@type":"ListItem","position":2,"name":"Produtos","item":"https:\/\/dev.invicta.wp19.axome.cc\/pt\/shop\/"},{"@type":"ListItem","position":3,"name":"Grelhas de ventila\u00e7\u00e3o com corredi\u00e7a 175x75x20"}]},{"@type":"WebSite","@id":"https:\/\/dev.invicta.wp19.axome.cc\/pt\/#website","url":"https:\/\/dev.invicta.wp19.axome.cc\/pt\/","name":"Invicta","description":"Fabricant fran\u00e7ais, sp\u00e9cialiste europ\u00e9en du chauffage au bois : po\u00eales \u00e0 bois et \u00e0 granul\u00e9s, chemin\u00e9es, foyers et inserts","publisher":{"@id":"https:\/\/dev.invicta.wp19.axome.cc\/pt\/#organization"},"potentialAction":[{"@type":"SearchAction","target":{"@type":"EntryPoint","urlTemplate":"https:\/\/dev.invicta.wp19.axome.cc\/pt\/?s={search_term_string}"},"query-input":{"@type":"PropertyValueSpecification","valueRequired":true,"valueName":"search_term_string"}}],"inLanguage":"pt-PT"},{"@type":"Organization","@id":"https:\/\/dev.invicta.wp19.axome.cc\/pt\/#organization","name":"Invicta","url":"https:\/\/dev.invicta.wp19.axome.cc\/pt\/","logo":{"@type":"ImageObject","inLanguage":"pt-PT","@id":"https:\/\/dev.invicta.wp19.axome.cc\/pt\/#\/schema\/logo\/image\/","url":"https:\/\/www.invicta.fr\/wp-content\/uploads\/2019\/06\/INVICTALOGO_RVB.png","contentUrl":"https:\/\/www.invicta.fr\/wp-content\/uploads\/2019\/06\/INVICTALOGO_RVB.png","width":1810,"height":1280,"caption":"Invicta"},"image":{"@id":"https:\/\/dev.invicta.wp19.axome.cc\/pt\/#\/schema\/logo\/image\/"}}]}},"_links":{"self":[{"href":"https:\/\/dev.invicta.wp19.axome.cc\/pt\/wp-json\/wp\/v2\/product\/69926","targetHints":{"allow":["GET"]}}],"collection":[{"href":"https:\/\/dev.invicta.wp19.axome.cc\/pt\/wp-json\/wp\/v2\/product"}],"about":[{"href":"https:\/\/dev.invicta.wp19.axome.cc\/pt\/wp-json\/wp\/v2\/types\/product"}],"wp:attachment":[{"href":"https:\/\/dev.invicta.wp19.axome.cc\/pt\/wp-json\/wp\/v2\/media?parent=69926"}],"wp:term":[{"taxonomy":"product_brand","embeddable":true,"href":"https:\/\/dev.invicta.wp19.axome.cc\/pt\/wp-json\/wp\/v2\/product_brand?post=69926"},{"taxonomy":"product_cat","embeddable":true,"href":"https:\/\/dev.invicta.wp19.axome.cc\/pt\/wp-json\/wp\/v2\/product_cat?post=69926"},{"taxonomy":"product_tag","embeddable":true,"href":"https:\/\/dev.invicta.wp19.axome.cc\/pt\/wp-json\/wp\/v2\/product_tag?post=69926"},{"taxonomy":"plus_produit","embeddable":true,"href":"https:\/\/dev.invicta.wp19.axome.cc\/pt\/wp-json\/wp\/v2\/plus_produit?post=69926"}],"curies":[{"name":"wp","href":"https:\/\/api.w.org\/{rel}","templated":true}]}}