{"id":69936,"date":"2025-06-11T12:03:03","date_gmt":"2025-06-09T16:14:24","guid":{"rendered":"https:\/\/dev.invicta.wp19.axome.cc\/produit\/salamandra-a-pellets-estanque-fontica-8-copie-3\/"},"modified":"2025-06-09T18:14:33","modified_gmt":"2025-06-09T16:14:33","slug":"salamandra-a-pellets-estanque-fontica-8-copie-3","status":"publish","type":"product","link":"https:\/\/dev.invicta.wp19.axome.cc\/pt\/produit\/salamandra-a-pellets-estanque-fontica-8-copie-3\/","title":{"rendered":"Salamandra a pellets estanque Fontica 8 (Copie)"},"content":{"rendered":"<p>O ferro fundido raramente \u00e9 usado na fabrica\u00e7\u00e3o de fog\u00f5es a pellets. A Invicta inova ao colocar um corpo de aquecimento totalmente em ferro fundido no centro de uma elegante salamandra a pellets. Fontica difunde um calor agrad\u00e1vel e envolvente em sua casa.<\/p>\n","protected":false},"excerpt":{"rendered":"<p>O ferro fundido raramente \u00e9 usado na fabrica\u00e7\u00e3o de fog\u00f5es a pellets. A Invicta inova ao colocar um corpo de aquecimento totalmente em ferro fundido no centro de uma elegante salamandra a pellets. Fontica difunde um calor agrad\u00e1vel e envolvente em sua casa.<\/p>\n","protected":false},"featured_media":0,"template":"","meta":{"_acf_changed":false},"product_brand":[],"product_cat":[6039,6038,6040,6489,6657,6655],"product_tag":[],"plus_produit":[],"class_list":{"1":"product","5":"product_cat-8-kw-fogoes-a-pellets","6":"product_cat-fogoes-autonomos-a-pellets","7":"product_cat-fogoes-a-pellets-contemporaneos","8":"product_cat-fogoes-a-pellets-vermelhos","9":"product_cat-tomada-de-parede-para-fogoes-a-pellets","10":"product_cat-fogoes-a-pellets-com-saida-de-aspiracao","11":"pa_surface-de-chauffe-25-100-pt","12":"pa_volume-de-chauffe-min-max-3","14":"first","15":"instock","16":"purchasable","17":"product-type-simple"},"acf":[],"yoast_head":"<!-- This site is optimized with the Yoast SEO plugin v24.7 - https:\/\/yoast.com\/wordpress\/plugins\/seo\/ -->\n<title>Salamandra a pellets estanque Fontica 8 (Copie) - Invicta<\/title>\n<meta name=\"description\" content=\"O ferro fundido raramente \u00e9 usado na fabrica\u00e7\u00e3o de fog\u00f5es a pellets. A Invicta inova ao colocar um corpo de aquecimento totalmente em ferro fundido no\" \/>\n<meta name=\"robots\" content=\"index, follow, max-snippet:-1, max-image-preview:large, max-video-preview:-1\" \/>\n<link rel=\"canonical\" href=\"https:\/\/dev.invicta.wp19.axome.cc\/pt\/produit\/salamandra-a-pellets-estanque-fontica-8-copie-3\/\" \/>\n<meta property=\"og:locale\" content=\"pt_PT\" \/>\n<meta property=\"og:type\" content=\"article\" \/>\n<meta property=\"og:title\" content=\"Salamandra a pellets estanque Fontica 8 (Copie) - Invicta\" \/>\n<meta property=\"og:description\" content=\"O ferro fundido raramente \u00e9 usado na fabrica\u00e7\u00e3o de fog\u00f5es a pellets. A Invicta inova ao colocar um corpo de aquecimento totalmente em ferro fundido no\" \/>\n<meta property=\"og:url\" content=\"https:\/\/dev.invicta.wp19.axome.cc\/pt\/produit\/salamandra-a-pellets-estanque-fontica-8-copie-3\/\" \/>\n<meta property=\"og:site_name\" content=\"Invicta\" \/>\n<meta property=\"article:modified_time\" content=\"2025-06-09T16:14:33+00:00\" \/>\n<meta name=\"twitter:card\" content=\"summary_large_image\" \/>\n<script type=\"application\/ld+json\" class=\"yoast-schema-graph\">{\"@context\":\"https:\/\/schema.org\",\"@graph\":[{\"@type\":\"WebPage\",\"@id\":\"https:\/\/dev.invicta.wp19.axome.cc\/pt\/produit\/salamandra-a-pellets-estanque-fontica-8-copie-3\/\",\"url\":\"https:\/\/dev.invicta.wp19.axome.cc\/pt\/produit\/salamandra-a-pellets-estanque-fontica-8-copie-3\/\",\"name\":\"Salamandra a pellets estanque Fontica 8 (Copie) - Invicta\",\"isPartOf\":{\"@id\":\"https:\/\/dev.invicta.wp19.axome.cc\/pt\/#website\"},\"datePublished\":\"2025-06-09T16:14:24+00:00\",\"dateModified\":\"2025-06-09T16:14:33+00:00\",\"description\":\"O ferro fundido raramente \u00e9 usado na fabrica\u00e7\u00e3o de fog\u00f5es a pellets. A Invicta inova ao colocar um corpo de aquecimento totalmente em ferro fundido no\",\"breadcrumb\":{\"@id\":\"https:\/\/dev.invicta.wp19.axome.cc\/pt\/produit\/salamandra-a-pellets-estanque-fontica-8-copie-3\/#breadcrumb\"},\"inLanguage\":\"pt-PT\",\"potentialAction\":[{\"@type\":\"ReadAction\",\"target\":[\"https:\/\/dev.invicta.wp19.axome.cc\/pt\/produit\/salamandra-a-pellets-estanque-fontica-8-copie-3\/\"]}]},{\"@type\":\"BreadcrumbList\",\"@id\":\"https:\/\/dev.invicta.wp19.axome.cc\/pt\/produit\/salamandra-a-pellets-estanque-fontica-8-copie-3\/#breadcrumb\",\"itemListElement\":[{\"@type\":\"ListItem\",\"position\":1,\"name\":\"Home\",\"item\":\"https:\/\/dev.invicta.wp19.axome.cc\/pt\/\"},{\"@type\":\"ListItem\",\"position\":2,\"name\":\"Produtos\",\"item\":\"https:\/\/dev.invicta.wp19.axome.cc\/pt\/shop\/\"},{\"@type\":\"ListItem\",\"position\":3,\"name\":\"Salamandra a pellets estanque Fontica 8 (Copie)\"}]},{\"@type\":\"WebSite\",\"@id\":\"https:\/\/dev.invicta.wp19.axome.cc\/pt\/#website\",\"url\":\"https:\/\/dev.invicta.wp19.axome.cc\/pt\/\",\"name\":\"Invicta\",\"description\":\"Fabricant fran\u00e7ais, sp\u00e9cialiste europ\u00e9en du chauffage au bois : po\u00eales \u00e0 bois et \u00e0 granul\u00e9s, chemin\u00e9es, foyers et inserts\",\"publisher\":{\"@id\":\"https:\/\/dev.invicta.wp19.axome.cc\/pt\/#organization\"},\"potentialAction\":[{\"@type\":\"SearchAction\",\"target\":{\"@type\":\"EntryPoint\",\"urlTemplate\":\"https:\/\/dev.invicta.wp19.axome.cc\/pt\/?s={search_term_string}\"},\"query-input\":{\"@type\":\"PropertyValueSpecification\",\"valueRequired\":true,\"valueName\":\"search_term_string\"}}],\"inLanguage\":\"pt-PT\"},{\"@type\":\"Organization\",\"@id\":\"https:\/\/dev.invicta.wp19.axome.cc\/pt\/#organization\",\"name\":\"Invicta\",\"url\":\"https:\/\/dev.invicta.wp19.axome.cc\/pt\/\",\"logo\":{\"@type\":\"ImageObject\",\"inLanguage\":\"pt-PT\",\"@id\":\"https:\/\/dev.invicta.wp19.axome.cc\/pt\/#\/schema\/logo\/image\/\",\"url\":\"https:\/\/www.invicta.fr\/wp-content\/uploads\/2019\/06\/INVICTALOGO_RVB.png\",\"contentUrl\":\"https:\/\/www.invicta.fr\/wp-content\/uploads\/2019\/06\/INVICTALOGO_RVB.png\",\"width\":1810,\"height\":1280,\"caption\":\"Invicta\"},\"image\":{\"@id\":\"https:\/\/dev.invicta.wp19.axome.cc\/pt\/#\/schema\/logo\/image\/\"}}]}<\/script>\n<!-- \/ Yoast SEO plugin. -->","yoast_head_json":{"title":"Salamandra a pellets estanque Fontica 8 (Copie) - Invicta","description":"O ferro fundido raramente \u00e9 usado na fabrica\u00e7\u00e3o de fog\u00f5es a pellets. A Invicta inova ao colocar um corpo de aquecimento totalmente em ferro fundido no","robots":{"index":"index","follow":"follow","max-snippet":"max-snippet:-1","max-image-preview":"max-image-preview:large","max-video-preview":"max-video-preview:-1"},"canonical":"https:\/\/dev.invicta.wp19.axome.cc\/pt\/produit\/salamandra-a-pellets-estanque-fontica-8-copie-3\/","og_locale":"pt_PT","og_type":"article","og_title":"Salamandra a pellets estanque Fontica 8 (Copie) - Invicta","og_description":"O ferro fundido raramente \u00e9 usado na fabrica\u00e7\u00e3o de fog\u00f5es a pellets. A Invicta inova ao colocar um corpo de aquecimento totalmente em ferro fundido no","og_url":"https:\/\/dev.invicta.wp19.axome.cc\/pt\/produit\/salamandra-a-pellets-estanque-fontica-8-copie-3\/","og_site_name":"Invicta","article_modified_time":"2025-06-09T16:14:33+00:00","twitter_card":"summary_large_image","schema":{"@context":"https:\/\/schema.org","@graph":[{"@type":"WebPage","@id":"https:\/\/dev.invicta.wp19.axome.cc\/pt\/produit\/salamandra-a-pellets-estanque-fontica-8-copie-3\/","url":"https:\/\/dev.invicta.wp19.axome.cc\/pt\/produit\/salamandra-a-pellets-estanque-fontica-8-copie-3\/","name":"Salamandra a pellets estanque Fontica 8 (Copie) - Invicta","isPartOf":{"@id":"https:\/\/dev.invicta.wp19.axome.cc\/pt\/#website"},"datePublished":"2025-06-09T16:14:24+00:00","dateModified":"2025-06-09T16:14:33+00:00","description":"O ferro fundido raramente \u00e9 usado na fabrica\u00e7\u00e3o de fog\u00f5es a pellets. A Invicta inova ao colocar um corpo de aquecimento totalmente em ferro fundido no","breadcrumb":{"@id":"https:\/\/dev.invicta.wp19.axome.cc\/pt\/produit\/salamandra-a-pellets-estanque-fontica-8-copie-3\/#breadcrumb"},"inLanguage":"pt-PT","potentialAction":[{"@type":"ReadAction","target":["https:\/\/dev.invicta.wp19.axome.cc\/pt\/produit\/salamandra-a-pellets-estanque-fontica-8-copie-3\/"]}]},{"@type":"BreadcrumbList","@id":"https:\/\/dev.invicta.wp19.axome.cc\/pt\/produit\/salamandra-a-pellets-estanque-fontica-8-copie-3\/#breadcrumb","itemListElement":[{"@type":"ListItem","position":1,"name":"Home","item":"https:\/\/dev.invicta.wp19.axome.cc\/pt\/"},{"@type":"ListItem","position":2,"name":"Produtos","item":"https:\/\/dev.invicta.wp19.axome.cc\/pt\/shop\/"},{"@type":"ListItem","position":3,"name":"Salamandra a pellets estanque Fontica 8 (Copie)"}]},{"@type":"WebSite","@id":"https:\/\/dev.invicta.wp19.axome.cc\/pt\/#website","url":"https:\/\/dev.invicta.wp19.axome.cc\/pt\/","name":"Invicta","description":"Fabricant fran\u00e7ais, sp\u00e9cialiste europ\u00e9en du chauffage au bois : po\u00eales \u00e0 bois et \u00e0 granul\u00e9s, chemin\u00e9es, foyers et inserts","publisher":{"@id":"https:\/\/dev.invicta.wp19.axome.cc\/pt\/#organization"},"potentialAction":[{"@type":"SearchAction","target":{"@type":"EntryPoint","urlTemplate":"https:\/\/dev.invicta.wp19.axome.cc\/pt\/?s={search_term_string}"},"query-input":{"@type":"PropertyValueSpecification","valueRequired":true,"valueName":"search_term_string"}}],"inLanguage":"pt-PT"},{"@type":"Organization","@id":"https:\/\/dev.invicta.wp19.axome.cc\/pt\/#organization","name":"Invicta","url":"https:\/\/dev.invicta.wp19.axome.cc\/pt\/","logo":{"@type":"ImageObject","inLanguage":"pt-PT","@id":"https:\/\/dev.invicta.wp19.axome.cc\/pt\/#\/schema\/logo\/image\/","url":"https:\/\/www.invicta.fr\/wp-content\/uploads\/2019\/06\/INVICTALOGO_RVB.png","contentUrl":"https:\/\/www.invicta.fr\/wp-content\/uploads\/2019\/06\/INVICTALOGO_RVB.png","width":1810,"height":1280,"caption":"Invicta"},"image":{"@id":"https:\/\/dev.invicta.wp19.axome.cc\/pt\/#\/schema\/logo\/image\/"}}]}},"_links":{"self":[{"href":"https:\/\/dev.invicta.wp19.axome.cc\/pt\/wp-json\/wp\/v2\/product\/69936","targetHints":{"allow":["GET"]}}],"collection":[{"href":"https:\/\/dev.invicta.wp19.axome.cc\/pt\/wp-json\/wp\/v2\/product"}],"about":[{"href":"https:\/\/dev.invicta.wp19.axome.cc\/pt\/wp-json\/wp\/v2\/types\/product"}],"wp:attachment":[{"href":"https:\/\/dev.invicta.wp19.axome.cc\/pt\/wp-json\/wp\/v2\/media?parent=69936"}],"wp:term":[{"taxonomy":"product_brand","embeddable":true,"href":"https:\/\/dev.invicta.wp19.axome.cc\/pt\/wp-json\/wp\/v2\/product_brand?post=69936"},{"taxonomy":"product_cat","embeddable":true,"href":"https:\/\/dev.invicta.wp19.axome.cc\/pt\/wp-json\/wp\/v2\/product_cat?post=69936"},{"taxonomy":"product_tag","embeddable":true,"href":"https:\/\/dev.invicta.wp19.axome.cc\/pt\/wp-json\/wp\/v2\/product_tag?post=69936"},{"taxonomy":"plus_produit","embeddable":true,"href":"https:\/\/dev.invicta.wp19.axome.cc\/pt\/wp-json\/wp\/v2\/plus_produit?post=69936"}],"curies":[{"name":"wp","href":"https:\/\/api.w.org\/{rel}","templated":true}]}}